{"id":6114,"date":"2025-04-22T12:20:04","date_gmt":"2025-04-22T12:20:04","guid":{"rendered":"https:\/\/egerford.hu\/1\/?page_id=6114"},"modified":"2025-05-05T06:11:50","modified_gmt":"2025-05-05T06:11:50","slug":"ginop-4-1-1-8-4-4-16-2017-00011","status":"publish","type":"page","link":"https:\/\/egerford.hu\/1\/ginop-4-1-1-8-4-4-16-2017-00011\/","title":{"rendered":"Elementor #6114"},"content":{"rendered":"\t\t<div data-elementor-type=\"wp-page\" data-elementor-id=\"6114\" class=\"elementor elementor-6114\">\n\t\t\t\t<div class=\"elementor-element elementor-element-080de13 e-flex e-con-boxed e-con e-parent\" data-id=\"080de13\" data-element_type=\"container\" data-e-type=\"container\">\n\t\t\t\t\t<div class=\"e-con-inner\">\n\t\t\t\t<div class=\"elementor-element elementor-element-e6a31de elementor-widget elementor-widget-heading\" data-id=\"e6a31de\" data-element_type=\"widget\" data-e-type=\"widget\" data-widget_type=\"heading.default\">\n\t\t\t\t<div class=\"elementor-widget-container\">\n\t\t\t\t\t<h2 class=\"elementor-heading-title elementor-size-default\">Aut\u00f3szalon \u00e9p\u00fclet\u00e9nek energetikai korszer\u0171t\u00e9se <\/h2>\t\t\t\t<\/div>\n\t\t\t\t<\/div>\n\t\t\t\t\t<\/div>\n\t\t\t\t<\/div>\n\t\t<div class=\"elementor-element elementor-element-753c125 e-flex e-con-boxed e-con e-parent\" data-id=\"753c125\" data-element_type=\"container\" data-e-type=\"container\">\n\t\t\t\t\t<div class=\"e-con-inner\">\n\t\t\t\t<div class=\"elementor-element elementor-element-a05f1cd elementor-widget elementor-widget-text-editor\" data-id=\"a05f1cd\" data-element_type=\"widget\" data-e-type=\"widget\" data-widget_type=\"text-editor.default\">\n\t\t\t\t<div class=\"elementor-widget-container\">\n\t\t\t\t\t\t\t\t\t<p><img fetchpriority=\"high\" decoding=\"async\" class=\"alignright\" src=\"https:\/\/egerford.hu\/1\/wp-content\/uploads\/2024\/11\/infoblokk_kedv_final_CMYK_ERFA-300x207.jpg\" alt=\"\" width=\"300\" height=\"207\"><\/p>\n<p>C\u00e9g\u00fcnk 2017. \u00e9vben&nbsp;ny\u00fajtotta be p\u00e1ly\u00e1zat\u00e1t a &#8222;Meg\u00fajul\u00f3 energia haszn\u00e1lat\u00e1val megval\u00f3sul\u00f3 \u00e9p\u00fcletenergetikai fejleszt\u00e9sek t\u00e1mogat\u00e1sa kombin\u00e1lt hitelterm\u00e9kkel&#8221; c\u00edm\u0171 felh\u00edv\u00e1sra. A projekt \u00f6sszesen 22,08 milli\u00f3 Ft vissza nem t\u00e9r\u00edtend\u0151 \u00e9s 22,33 milli\u00f3 Ft visszat\u00e9r\u00edtend\u0151 t\u00e1mogat\u00e1sban r\u00e9szes\u00fclt. A t\u00e1mogat\u00e1s az Eur\u00f3pai Region\u00e1lis Fejleszt\u00e9si Alapb\u00f3l \u00e9s hazai k\u00f6zponti k\u00f6lts\u00e9gvet\u00e9si el\u0151ir\u00e1nyzatb\u00f3l ker\u00fclt meg\u00edt\u00e9l\u00e9sre.&nbsp;<\/p>\n<p data-start=\"77\" data-end=\"290\">A Barta Aut\u00f3 Holding Kft. jogel\u0151dje 1997-ben alakult, Ford Sipos Kft. n\u00e9ven. Aut\u00f3keresked\u00e9ssel, g\u00e9pj\u00e1rm\u0171jav\u00edt\u00e1ssal \u00e9s szervizel\u00e9ssel foglalkoz\u00f3 t\u00e1rsas\u00e1g volt, a Ford m\u00e1rk\u00e1j\u00fa g\u00e9pj\u00e1rm\u0171vek hivatalos m\u00e1rkakeresked\u0151je.<\/p>\n<p data-start=\"292\" data-end=\"531\">A projekt c\u00e9lja: Olyan energetikai c\u00e9l\u00fa korszer\u0171s\u00edt\u00e9s, amely komplexen megval\u00f3s\u00edtja azokat a tennival\u00f3kat, amelyekkel a jelenlegi II energetikai besorol\u00e1s\u00fa \u00e9p\u00fclet a BB k\u00f6vetelm\u00e9nyszint szerinti korszer\u0171 h\u0151technikai felt\u00e9teleknek felel meg.<\/p>\n<p data-start=\"533\" data-end=\"587\">A fejleszt\u00e9s keret\u00e9ben 4 f\u0151 beavatkoz\u00e1st v\u00e9gezt\u00fcnk el:<\/p>\n<ol data-start=\"589\" data-end=\"1725\">\n<li data-start=\"589\" data-end=\"877\">\n<p data-start=\"592\" data-end=\"877\">\u00c9p\u00fclethat\u00e1rol\u00f3 h\u0151szigetel\u0151 panellel t\u00f6rt\u00e9n\u0151 felszerel\u00e9se: KINGSPAN KS 1000 AWP 10 cm-es panel 320 m2 fel\u00fcleten. A tet\u0151fel\u00fcletre 710 m2-en 12 cm-es KINGSPAN KS 1000 RW panel ker\u00fcl a rendszer felszerel\u00e9s\u00e9hez kapcsol\u00f3d\u00f3 kieg\u00e9sz\u00edt\u0151 elemekkel, illetve v\u00edzelvezet\u0151 ereszcsatorna rendszerrel.<\/p>\n<\/li>\n<li data-start=\"879\" data-end=\"1243\">\n<p data-start=\"882\" data-end=\"1243\">Ny\u00edl\u00e1sz\u00e1r\u00f3csere: 6 db H\u00d6RMANN LPU 40 motoros m\u0171k\u00f6dtet\u00e9s\u0171 h\u0151szigetelt ipari kapu 3050&#215;3000 mm-es m\u00e9retben, 1 db H\u00d6RMANN LPU 40 red\u0151nykapu 3050&#215;2800 mm magass\u00e1gban, 1 db H\u00d6RMANN D65 k\u00fclt\u00e9ri h\u0151szigetelt k\u00e9tsz\u00e1rny\u00fa ajt\u00f3 2950&#215;2800 mm m\u00e9retben, illetve 2 db FENSTHERM 5 kamr\u00e1s, 150&#215;78 cm-es buk\u00f3-ny\u00edl\u00f3 ablak \u00e9s 1 db FENSTHERM 5 kamr\u00e1s, 100&#215;210+30 cm-es bej\u00e1rati ajt\u00f3.<\/p>\n<\/li>\n<li data-start=\"1245\" data-end=\"1520\">\n<p data-start=\"1248\" data-end=\"1520\">Napelem: 52 db, egyenk\u00e9nt 23,4 kWp teljes\u00edtm\u00e9ny\u0171, monokrist\u00e1lyos, fotovoltaikus AEG AS-M1443-H napelem telep\u00edt\u00e9se, tart\u00f3szerkezettel, vezet\u00e9kezve, 20,8 kW AC\/DC rendszer kialak\u00edt\u00e1s\u00e1ra Innosys Symo 20.0-3 inverterrel, ami v\u00e1rhat\u00f3an \u00e9vi 25.740 kW elektromos \u00e1ramot \u00e1ll\u00edt el\u0151.<\/p>\n<\/li>\n<li data-start=\"1522\" data-end=\"1725\">\n<p data-start=\"1525\" data-end=\"1725\">Faelg\u00e1zos\u00edt\u00f3 kaz\u00e1nrendszer: ATMOS DC 70S 70 KW-os faelg\u00e1zos\u00edt\u00f3 kaz\u00e1n 3&#215;1500 literes szigetelt puffert\u00e1rol\u00f3val, 3 kevert k\u00f6rrel, k\u00fcls\u0151 h\u0151m\u00e9rs\u00e9kleti szab\u00e1lyoz\u00f3val, illetve Siemens vez\u00e9rl\u00e9si rendszerrel.<\/p>\n<\/li>\n<\/ol>\n<p data-start=\"1727\" data-end=\"2042\">A fejleszt\u00e9s hat\u00e1s\u00e1ra a jelenlegi 264 964,57 KWh\/\u00e9v energiafogyaszt\u00e1s 63 888,02 kWh\/\u00e9vre, az \u00e9p\u00fclet energiak\u00f6lts\u00e9ge negyed\u00e9re cs\u00f6kken. Az energiahat\u00e9konys\u00e1g fejleszt\u00e9s fajlagos k\u00f6lts\u00e9ge 107,821 e Ft\/GJ az energia\u00e1r megtakar\u00edt\u00e1s r\u00e9v\u00e9n a v\u00e1llalkoz\u00e1s versenyk\u00e9pess\u00e9g\u00e9nek felt\u00e9telei jelent\u0151sen javulnak a fejleszt\u00e9ssel.<\/p>\n<ul>\n<li data-start=\"2044\" data-end=\"2392\">A projekt a Sz\u00e9chenyi 2020 program keret\u00e9ben val\u00f3sult meg<\/li>\n<li style=\"text-align: start;\" data-start=\"2044\" data-end=\"2392\">&nbsp; <span style=\"font-style: inherit; font-weight: inherit;\">Kedvezm\u00e9nyezett neve: Barta Aut\u00f3 Holding Szolg\u00e1ltat\u00f3 \u00e9s Kereskedelmi Kft<\/span><span style=\"font-style: inherit;\">.&nbsp;<span style=\"font-weight: inherit;\">&nbsp;<\/span><\/span><\/li>\n<li data-start=\"2044\" data-end=\"2392\"><span style=\"font-style: inherit; font-weight: inherit;\">A projekt c\u00edme: A Barta Aut\u00f3 Holding Kft. aut\u00f3szalonj\u00e1nak energetikai korszer\u0171s\u00edt\u00e9se&nbsp;&nbsp;<\/span><\/li>\n<li data-start=\"2044\" data-end=\"2392\"><span style=\"font-style: inherit; font-weight: inherit;\">A szerz\u0151d\u00f6tt t\u00e1mogat\u00e1s \u00f6sszege: 22 084 861 Ft&nbsp;&nbsp;<\/span><\/li>\n<li data-start=\"2044\" data-end=\"2392\">A t\u00e1mogat\u00e1s m\u00e9rt\u00e9ke: 44,500001%<\/li>\n<li data-start=\"2044\" data-end=\"2392\"><span style=\"font-style: inherit; font-weight: inherit;\">A hitel \u00f6sszege: 22 333 005 Ft&nbsp;<\/span><\/li>\n<li data-start=\"2044\" data-end=\"2392\"><span style=\"font-style: inherit; font-weight: inherit;\">&nbsp;A projekt azonos\u00edt\u00f3 sz\u00e1ma: GINOP-4.1.1-8-4-4-16-2017-00101<\/span><\/li>\n<\/ul>\t\t\t\t\t\t\t\t<\/div>\n\t\t\t\t<\/div>\n\t\t\t\t\t<\/div>\n\t\t\t\t<\/div>\n\t\t\t\t<\/div>\n\t\t","protected":false},"excerpt":{"rendered":"<p>Aut\u00f3szalon \u00e9p\u00fclet\u00e9nek energetikai korszer\u0171t\u00e9se C\u00e9g\u00fcnk 2017. \u00e9vben&nbsp;ny\u00fajtotta be p\u00e1ly\u00e1zat\u00e1t a &#8222;Meg\u00fajul\u00f3 energia haszn\u00e1lat\u00e1val megval\u00f3sul\u00f3 \u00e9p\u00fcletenergetikai fejleszt\u00e9sek t\u00e1mogat\u00e1sa kombin\u00e1lt hitelterm\u00e9kkel&#8221; c\u00edm\u0171 felh\u00edv\u00e1sra. A projekt \u00f6sszesen 22,08 milli\u00f3 Ft vissza nem t\u00e9r\u00edtend\u0151 \u00e9s 22,33 milli\u00f3 Ft visszat\u00e9r\u00edtend\u0151 t\u00e1mogat\u00e1sban r\u00e9szes\u00fclt. A t\u00e1mogat\u00e1s az Eur\u00f3pai Region\u00e1lis Fejleszt\u00e9si Alapb\u00f3l \u00e9s hazai k\u00f6zponti k\u00f6lts\u00e9gvet\u00e9si el\u0151ir\u00e1nyzatb\u00f3l ker\u00fclt meg\u00edt\u00e9l\u00e9sre.&nbsp; A Barta Aut\u00f3 Holding [&hellip;]<\/p>\n","protected":false},"author":1,"featured_media":0,"parent":0,"menu_order":0,"comment_status":"closed","ping_status":"closed","template":"","meta":{"site-sidebar-layout":"no-sidebar","site-content-layout":"page-builder","ast-site-content-layout":"full-width-container","site-content-style":"default","site-sidebar-style":"default","ast-global-header-display":"","ast-banner-title-visibility":"","ast-main-header-display":"","ast-hfb-above-header-display":"","ast-hfb-below-header-display":"","ast-hfb-mobile-header-display":"","site-post-title":"disabled","ast-breadcrumbs-content":"","ast-featured-img":"disabled","footer-sml-layout":"","theme-transparent-header-meta":"","adv-header-id-meta":"","stick-header-meta":"","header-above-stick-meta":"","header-main-stick-meta":"","header-below-stick-meta":"","astra-migrate-meta-layouts":"set","ast-page-background-enabled":"default","ast-page-background-meta":{"desktop":{"background-color":"","background-image":"","background-repeat":"repeat","background-position":"center center","background-size":"auto","background-attachment":"scroll","background-type":"","background-media":"","overlay-type":"","overlay-color":"","overlay-opacity":"","overlay-gradient":""},"tablet":{"background-color":"","background-image":"","background-repeat":"repeat","background-position":"center center","background-size":"auto","background-attachment":"scroll","background-type":"","background-media":"","overlay-type":"","overlay-color":"","overlay-opacity":"","overlay-gradient":""},"mobile":{"background-color":"","background-image":"","background-repeat":"repeat","background-position":"center center","background-size":"auto","background-attachment":"scroll","background-type":"","background-media":"","overlay-type":"","overlay-color":"","overlay-opacity":"","overlay-gradient":""}},"ast-content-background-meta":{"desktop":{"background-color":"var(--ast-global-color-5)","background-image":"","background-repeat":"repeat","background-position":"center center","background-size":"auto","background-attachment":"scroll","background-type":"","background-media":"","overlay-type":"","overlay-color":"","overlay-opacity":"","overlay-gradient":""},"tablet":{"background-color":"var(--ast-global-color-5)","background-image":"","background-repeat":"repeat","background-position":"center center","background-size":"auto","background-attachment":"scroll","background-type":"","background-media":"","overlay-type":"","overlay-color":"","overlay-opacity":"","overlay-gradient":""},"mobile":{"background-color":"var(--ast-global-color-5)","background-image":"","background-repeat":"repeat","background-position":"center center","background-size":"auto","background-attachment":"scroll","background-type":"","background-media":"","overlay-type":"","overlay-color":"","overlay-opacity":"","overlay-gradient":""}},"footnotes":""},"class_list":["post-6114","page","type-page","status-publish","hentry"],"_links":{"self":[{"href":"https:\/\/egerford.hu\/1\/wp-json\/wp\/v2\/pages\/6114","targetHints":{"allow":["GET"]}}],"collection":[{"href":"https:\/\/egerford.hu\/1\/wp-json\/wp\/v2\/pages"}],"about":[{"href":"https:\/\/egerford.hu\/1\/wp-json\/wp\/v2\/types\/page"}],"author":[{"embeddable":true,"href":"https:\/\/egerford.hu\/1\/wp-json\/wp\/v2\/users\/1"}],"replies":[{"embeddable":true,"href":"https:\/\/egerford.hu\/1\/wp-json\/wp\/v2\/comments?post=6114"}],"version-history":[{"count":8,"href":"https:\/\/egerford.hu\/1\/wp-json\/wp\/v2\/pages\/6114\/revisions"}],"predecessor-version":[{"id":6126,"href":"https:\/\/egerford.hu\/1\/wp-json\/wp\/v2\/pages\/6114\/revisions\/6126"}],"wp:attachment":[{"href":"https:\/\/egerford.hu\/1\/wp-json\/wp\/v2\/media?parent=6114"}],"curies":[{"name":"wp","href":"https:\/\/api.w.org\/{rel}","templated":true}]}}