{"id":6072,"date":"2024-11-22T13:52:05","date_gmt":"2024-11-22T13:52:05","guid":{"rendered":"https:\/\/egerford.hu\/1\/?page_id=6072"},"modified":"2025-03-19T09:00:16","modified_gmt":"2025-03-19T09:00:16","slug":"teliajanlat","status":"publish","type":"page","link":"https:\/\/egerford.hu\/1\/teliajanlat\/","title":{"rendered":"T\u00e9li aj\u00e1nlataink"},"content":{"rendered":"\t\t<div data-elementor-type=\"wp-page\" data-elementor-id=\"6072\" class=\"elementor elementor-6072\">\n\t\t\t\t<div class=\"elementor-element elementor-element-a352a44 e-flex e-con-boxed e-con e-parent\" data-id=\"a352a44\" data-element_type=\"container\" data-e-type=\"container\">\n\t\t\t\t\t<div class=\"e-con-inner\">\n\t\t\t\t<div class=\"elementor-element elementor-element-dde1bd0 elementor-widget__width-initial elementor-widget elementor-widget-image\" data-id=\"dde1bd0\" data-element_type=\"widget\" data-e-type=\"widget\" data-widget_type=\"image.default\">\n\t\t\t\t<div class=\"elementor-widget-container\">\n\t\t\t\t\t\t\t\t\t\t\t\t\t\t\t<img fetchpriority=\"high\" decoding=\"async\" width=\"2560\" height=\"1080\" src=\"https:\/\/egerford.hu\/1\/wp-content\/uploads\/2025\/03\/2024-Ford-Mustang-GT-003-1080w.jpg\" class=\"attachment-full size-full wp-image-6105\" alt=\"\" srcset=\"https:\/\/egerford.hu\/1\/wp-content\/uploads\/2025\/03\/2024-Ford-Mustang-GT-003-1080w.jpg 2560w, https:\/\/egerford.hu\/1\/wp-content\/uploads\/2025\/03\/2024-Ford-Mustang-GT-003-1080w-300x127.jpg 300w, https:\/\/egerford.hu\/1\/wp-content\/uploads\/2025\/03\/2024-Ford-Mustang-GT-003-1080w-1024x432.jpg 1024w, https:\/\/egerford.hu\/1\/wp-content\/uploads\/2025\/03\/2024-Ford-Mustang-GT-003-1080w-768x324.jpg 768w, https:\/\/egerford.hu\/1\/wp-content\/uploads\/2025\/03\/2024-Ford-Mustang-GT-003-1080w-1536x648.jpg 1536w, https:\/\/egerford.hu\/1\/wp-content\/uploads\/2025\/03\/2024-Ford-Mustang-GT-003-1080w-2048x864.jpg 2048w, https:\/\/egerford.hu\/1\/wp-content\/uploads\/2025\/03\/2024-Ford-Mustang-GT-003-1080w-200x84.jpg 200w, https:\/\/egerford.hu\/1\/wp-content\/uploads\/2025\/03\/2024-Ford-Mustang-GT-003-1080w-600x253.jpg 600w\" sizes=\"(max-width: 2560px) 100vw, 2560px\" \/>\t\t\t\t\t\t\t\t\t\t\t\t\t\t\t<\/div>\n\t\t\t\t<\/div>\n\t\t\t\t\t<\/div>\n\t\t\t\t<\/div>\n\t\t<div class=\"elementor-element elementor-element-8cbdf1c e-flex e-con-boxed e-con e-parent\" data-id=\"8cbdf1c\" data-element_type=\"container\" data-e-type=\"container\">\n\t\t\t\t\t<div class=\"e-con-inner\">\n\t\t\t\t<div class=\"elementor-element elementor-element-cf0040b elementor-widget elementor-widget-heading\" data-id=\"cf0040b\" data-element_type=\"widget\" data-e-type=\"widget\" data-widget_type=\"heading.default\">\n\t\t\t\t<div class=\"elementor-widget-container\">\n\t\t\t\t\t<h2 class=\"elementor-heading-title elementor-size-default\">Ha tavaszi felk\u00e9sz\u00edt\u00e9s, akkor Ford Barta!\n<\/h2>\t\t\t\t<\/div>\n\t\t\t\t<\/div>\n\t\t\t\t\t<\/div>\n\t\t\t\t<\/div>\n\t\t<div class=\"elementor-element elementor-element-3aee50e e-flex e-con-boxed e-con e-parent\" data-id=\"3aee50e\" data-element_type=\"container\" data-e-type=\"container\">\n\t\t\t\t\t<div class=\"e-con-inner\">\n\t\t\t\t<div class=\"elementor-element elementor-element-e0fe3ff elementor-widget elementor-widget-heading\" data-id=\"e0fe3ff\" data-element_type=\"widget\" data-e-type=\"widget\" data-widget_type=\"heading.default\">\n\t\t\t\t<div class=\"elementor-widget-container\">\n\t\t\t\t\t<h4 class=\"elementor-heading-title elementor-size-default\">Tekintse meg tavaszi aj\u00e1nlatainkat, hogy biztons\u00e1gosan feltudjon k\u00e9sz\u00fclni a tavaszra!<\/h4>\t\t\t\t<\/div>\n\t\t\t\t<\/div>\n\t\t\t\t\t<\/div>\n\t\t\t\t<\/div>\n\t\t<div class=\"elementor-element elementor-element-4dfde00 e-flex e-con-boxed e-con e-parent\" data-id=\"4dfde00\" data-element_type=\"container\" data-e-type=\"container\">\n\t\t\t\t\t<div class=\"e-con-inner\">\n\t\t\t\t<div class=\"elementor-element elementor-element-99e7aa9 elementor-widget elementor-widget-text-editor\" data-id=\"99e7aa9\" data-element_type=\"widget\" data-e-type=\"widget\" data-widget_type=\"text-editor.default\">\n\t\t\t\t<div class=\"elementor-widget-container\">\n\t\t\t\t\t\t\t\t\t<div class=\"flex max-w-full flex-col flex-grow\"><div class=\"min-h-8 text-message flex w-full flex-col items-end gap-2 whitespace-normal break-words [.text-message+&amp;]:mt-5\" dir=\"auto\" data-message-author-role=\"assistant\" data-message-id=\"3e679a6c-3e00-4a9a-ba1a-bfee54b15fea\" data-client-thread-id=\"WEB:573f210b-1675-460f-9fdb-fab222d8e065\" data-message-model-slug=\"gpt-4o-mini\"><div class=\"flex w-full flex-col gap-1 empty:hidden first:pt-[3px]\"><div class=\"markdown prose w-full break-words dark:prose-invert light\"><p data-start=\"186\" data-end=\"406\">Ne b\u00edzd a v\u00e9letlenre aut\u00f3d m\u0171szaki \u00e1llapot\u00e1t! A t\u00e9l nyomot hagyhat j\u00e1rm\u0171veden: az alacsony h\u0151m\u00e9rs\u00e9klet, a csapad\u00e9k \u00e9s az \u00fatsz\u00f3r\u00f3 s\u00f3 megterhelheti az alkatr\u00e9szeket, \u00edgy tavasszal k\u00fcl\u00f6n\u00f6sen fontos egy alapos \u00e1tvizsg\u00e1l\u00e1s.<\/p><p data-start=\"408\" data-end=\"1107\"><strong data-start=\"408\" data-end=\"447\">Mi\u00e9rt fontos a tavaszi felk\u00e9sz\u00fcl\u00e9s?<\/strong><br data-start=\"447\" data-end=\"450\" \/><strong data-start=\"452\" data-end=\"477\">Biztons\u00e1god \u00e9rdek\u00e9ben<\/strong> \u2013 A cs\u00fasz\u00f3s, hideg h\u00f3napok ut\u00e1n elengedhetetlen a f\u00e9kek, a fut\u00f3m\u0171 \u00e9s az abroncsok ellen\u0151rz\u00e9se. A t\u00e9l sor\u00e1n keletkezett s\u00e9r\u00fcl\u00e9sek id\u0151ben t\u00f6rt\u00e9n\u0151 felismer\u00e9se megel\u0151zheti a nagyobb meghib\u00e1sod\u00e1sokat \u00e9s baleseteket.<br data-start=\"688\" data-end=\"691\" \/><strong data-start=\"693\" data-end=\"719\">K\u00e9nyelem \u00e9s frissess\u00e9g<\/strong> \u2013 A f\u0171t\u00e9si szezon v\u00e9g\u00e9n a pollenek, bakt\u00e9riumok \u00e9s szennyez\u0151d\u00e9sek felhalmoz\u00f3dhatnak az aut\u00f3 kl\u00edmarendszer\u00e9ben, ami nemcsak kellemetlen szagokat, hanem eg\u00e9szs\u00e9g\u00fcgyi kock\u00e1zatokat is jelenthet.<br data-start=\"910\" data-end=\"913\" \/><strong data-start=\"915\" data-end=\"932\">Gazdas\u00e1goss\u00e1g<\/strong> \u2013 Az id\u0151ben elv\u00e9gzett ellen\u0151rz\u00e9s \u00e9s karbantart\u00e1s megel\u0151zheti a dr\u00e1g\u00e1bb jav\u00edt\u00e1sokat, mik\u00f6zben optimaliz\u00e1lja az \u00fczemanyag-fogyaszt\u00e1st \u00e9s meghosszabb\u00edtja az aut\u00f3 \u00e9lettartam\u00e1t.<\/p><p data-start=\"1109\" data-end=\"1409\">A <strong data-start=\"1111\" data-end=\"1136\">28 pontos \u00e1tvizsg\u00e1l\u00e1s<\/strong> sor\u00e1n m\u00e1rkaszervizeink szak\u00e9rt\u0151i ellen\u0151rzik a legfontosabb alkatr\u00e9szeket \u00e9s biztons\u00e1gi elemeket \u2013 a karossz\u00e9ri\u00e1t\u00f3l \u00e9s a f\u00e9kekt\u0151l kezdve a motort\u00e9ren \u00e9s a fut\u00f3m\u0171v\u00f6n \u00e1t eg\u00e9szen a szezon\u00e1lis kieg\u00e9sz\u00edt\u0151kig. B\u00e1rmilyen felt\u00e1rt hiba eset\u00e9n, kedvez\u0151 aj\u00e1nlatot adunk a jav\u00edt\u00e1sra!<\/p><p data-start=\"1411\" data-end=\"1661\"><strong data-start=\"1414\" data-end=\"1449\">Aj\u00e1nljuk: \u00d3zonos kl\u00edmatiszt\u00edt\u00e1s<\/strong> \u2013 bakt\u00e9riumok, k\u00f3rokoz\u00f3k \u00e9s kellemetlen szagok n\u00e9lk\u00fcl!<br data-start=\"1504\" data-end=\"1507\" \/>Tedd eg\u00e9szs\u00e9gesebb\u00e9 utastered ezzel a hat\u00e9kony fert\u0151tlen\u00edt\u00e9si elj\u00e1r\u00e1ssal, amely megszabad\u00edtja aut\u00f3dat a pollenek, bakt\u00e9riumok \u00e9s v\u00edrusok maradv\u00e1nyait\u00f3l.<\/p><h3 data-start=\"1663\" data-end=\"1706\"><strong data-start=\"1667\" data-end=\"1704\">Mire figyelj tavasszal az utakon?<\/strong><\/h3><p data-start=\"1707\" data-end=\"2281\"><strong data-start=\"1710\" data-end=\"1738\">Megv\u00e1ltozott \u00fatviszonyok<\/strong> \u2013 A t\u00e9l ut\u00e1n az utakon k\u00e1ty\u00fak, reped\u00e9sek \u00e9s \u00fathib\u00e1k keletkezhettek, amelyek komoly vesz\u00e9lyt jelenthetnek a fut\u00f3m\u0171re \u00e9s a gumikra. Vezess \u00f3vatosan, \u00e9s figyelj az \u00fathib\u00e1kra!<br data-start=\"1910\" data-end=\"1913\" \/><strong data-start=\"1917\" data-end=\"1941\">V\u00e1ltoz\u00e9kony id\u0151j\u00e1r\u00e1s<\/strong> \u2013 Tavasszal gyakoriak az es\u0151z\u00e9sek, ami cs\u00fasz\u00f3s utakat eredm\u00e9nyezhet. Az ablakt\u00f6rl\u0151k \u00e9s a vil\u00e1g\u00edt\u00e1s ellen\u0151rz\u00e9se kulcsfontoss\u00e1g\u00fa a biztons\u00e1g \u00e9rdek\u00e9ben.<br data-start=\"2091\" data-end=\"2094\" \/><strong data-start=\"2097\" data-end=\"2117\">Nagyobb forgalom<\/strong> \u2013 A j\u00f3 id\u0151 bek\u00f6sz\u00f6nt\u00e9vel egyre t\u00f6bb gyalogos, motoros \u00e9s ker\u00e9kp\u00e1ros jelenik meg az utakon. K\u00fcl\u00f6n\u00f6sen a v\u00e1rosi k\u00f6zleked\u00e9sben \u00e9rdemes fokozott figyelemmel vezetni.<\/p><\/div><\/div><\/div><\/div>\t\t\t\t\t\t\t\t<\/div>\n\t\t\t\t<\/div>\n\t\t\t\t\t<\/div>\n\t\t\t\t<\/div>\n\t\t<div class=\"elementor-element elementor-element-121b401 e-flex e-con-boxed e-con e-parent\" data-id=\"121b401\" data-element_type=\"container\" data-e-type=\"container\">\n\t\t\t\t\t<div class=\"e-con-inner\">\n\t\t\t\t<div class=\"elementor-element elementor-element-918b027 elementor-widget elementor-widget-text-editor\" data-id=\"918b027\" data-element_type=\"widget\" data-e-type=\"widget\" data-widget_type=\"text-editor.default\">\n\t\t\t\t<div class=\"elementor-widget-container\">\n\t\t\t\t\t\t\t\t\t<p><strong data-start=\"2283\" data-end=\"2369\">K\u00e9sz\u00fclj fel a tavaszi szezonra biztons\u00e1gosan \u00e9s frissen! Foglalj id\u0151pontot m\u00e9g ma!<\/strong><\/p>\t\t\t\t\t\t\t\t<\/div>\n\t\t\t\t<\/div>\n\t\t\t\t\t<\/div>\n\t\t\t\t<\/div>\n\t\t\t\t<\/div>\n\t\t","protected":false},"excerpt":{"rendered":"<p>Ha tavaszi felk\u00e9sz\u00edt\u00e9s, akkor Ford Barta! Tekintse meg tavaszi aj\u00e1nlatainkat, hogy biztons\u00e1gosan feltudjon k\u00e9sz\u00fclni a tavaszra! Ne b\u00edzd a v\u00e9letlenre aut\u00f3d m\u0171szaki \u00e1llapot\u00e1t! A t\u00e9l nyomot hagyhat j\u00e1rm\u0171veden: az alacsony h\u0151m\u00e9rs\u00e9klet, a csapad\u00e9k \u00e9s az \u00fatsz\u00f3r\u00f3 s\u00f3 megterhelheti az alkatr\u00e9szeket, \u00edgy tavasszal k\u00fcl\u00f6n\u00f6sen fontos egy alapos \u00e1tvizsg\u00e1l\u00e1s. Mi\u00e9rt fontos a tavaszi felk\u00e9sz\u00fcl\u00e9s?Biztons\u00e1god \u00e9rdek\u00e9ben \u2013 A [&hellip;]<\/p>\n","protected":false},"author":1,"featured_media":0,"parent":0,"menu_order":0,"comment_status":"closed","ping_status":"closed","template":"","meta":{"site-sidebar-layout":"no-sidebar","site-content-layout":"page-builder","ast-site-content-layout":"full-width-container","site-content-style":"default","site-sidebar-style":"default","ast-global-header-display":"","ast-banner-title-visibility":"","ast-main-header-display":"","ast-hfb-above-header-display":"","ast-hfb-below-header-display":"","ast-hfb-mobile-header-display":"","site-post-title":"disabled","ast-breadcrumbs-content":"","ast-featured-img":"disabled","footer-sml-layout":"","theme-transparent-header-meta":"","adv-header-id-meta":"","stick-header-meta":"","header-above-stick-meta":"","header-main-stick-meta":"","header-below-stick-meta":"","astra-migrate-meta-layouts":"set","ast-page-background-enabled":"default","ast-page-background-meta":{"desktop":{"background-color":"","background-image":"","background-repeat":"repeat","background-position":"center center","background-size":"auto","background-attachment":"scroll","background-type":"","background-media":"","overlay-type":"","overlay-color":"","overlay-opacity":"","overlay-gradient":""},"tablet":{"background-color":"","background-image":"","background-repeat":"repeat","background-position":"center center","background-size":"auto","background-attachment":"scroll","background-type":"","background-media":"","overlay-type":"","overlay-color":"","overlay-opacity":"","overlay-gradient":""},"mobile":{"background-color":"","background-image":"","background-repeat":"repeat","background-position":"center center","background-size":"auto","background-attachment":"scroll","background-type":"","background-media":"","overlay-type":"","overlay-color":"","overlay-opacity":"","overlay-gradient":""}},"ast-content-background-meta":{"desktop":{"background-color":"var(--ast-global-color-5)","background-image":"","background-repeat":"repeat","background-position":"center center","background-size":"auto","background-attachment":"scroll","background-type":"","background-media":"","overlay-type":"","overlay-color":"","overlay-opacity":"","overlay-gradient":""},"tablet":{"background-color":"var(--ast-global-color-5)","background-image":"","background-repeat":"repeat","background-position":"center center","background-size":"auto","background-attachment":"scroll","background-type":"","background-media":"","overlay-type":"","overlay-color":"","overlay-opacity":"","overlay-gradient":""},"mobile":{"background-color":"var(--ast-global-color-5)","background-image":"","background-repeat":"repeat","background-position":"center center","background-size":"auto","background-attachment":"scroll","background-type":"","background-media":"","overlay-type":"","overlay-color":"","overlay-opacity":"","overlay-gradient":""}},"footnotes":""},"class_list":["post-6072","page","type-page","status-publish","hentry"],"_links":{"self":[{"href":"https:\/\/egerford.hu\/1\/wp-json\/wp\/v2\/pages\/6072","targetHints":{"allow":["GET"]}}],"collection":[{"href":"https:\/\/egerford.hu\/1\/wp-json\/wp\/v2\/pages"}],"about":[{"href":"https:\/\/egerford.hu\/1\/wp-json\/wp\/v2\/types\/page"}],"author":[{"embeddable":true,"href":"https:\/\/egerford.hu\/1\/wp-json\/wp\/v2\/users\/1"}],"replies":[{"embeddable":true,"href":"https:\/\/egerford.hu\/1\/wp-json\/wp\/v2\/comments?post=6072"}],"version-history":[{"count":14,"href":"https:\/\/egerford.hu\/1\/wp-json\/wp\/v2\/pages\/6072\/revisions"}],"predecessor-version":[{"id":6112,"href":"https:\/\/egerford.hu\/1\/wp-json\/wp\/v2\/pages\/6072\/revisions\/6112"}],"wp:attachment":[{"href":"https:\/\/egerford.hu\/1\/wp-json\/wp\/v2\/media?parent=6072"}],"curies":[{"name":"wp","href":"https:\/\/api.w.org\/{rel}","templated":true}]}}