{"id":6050,"date":"2024-11-07T11:37:36","date_gmt":"2024-11-07T11:37:36","guid":{"rendered":"https:\/\/egerford.hu\/1\/?page_id=6050"},"modified":"2024-11-08T07:35:09","modified_gmt":"2024-11-08T07:35:09","slug":"fordkugahibrid","status":"publish","type":"page","link":"https:\/\/egerford.hu\/1\/fordkugahibrid\/","title":{"rendered":"Kuga &#8211; Hibrid"},"content":{"rendered":"\t\t<div data-elementor-type=\"wp-page\" data-elementor-id=\"6050\" class=\"elementor elementor-6050\">\n\t\t\t\t<div class=\"elementor-element elementor-element-43533da e-flex e-con-boxed e-con e-parent\" data-id=\"43533da\" data-element_type=\"container\" data-e-type=\"container\">\n\t\t\t\t\t<div class=\"e-con-inner\">\n\t\t\t\t<div class=\"elementor-element elementor-element-ca6920f elementor-widget elementor-widget-heading\" data-id=\"ca6920f\" data-element_type=\"widget\" data-e-type=\"widget\" data-widget_type=\"heading.default\">\n\t\t\t\t<div class=\"elementor-widget-container\">\n\t\t\t\t\t<h2 class=\"elementor-heading-title elementor-size-default\">Ford Kuga Active Plug-in Hybrid: A fels\u0151 kateg\u00f3ri\u00e1s k\u00e9nyelem hibrid Eur\u00f3pa-bajnoka<\/h2>\t\t\t\t<\/div>\n\t\t\t\t<\/div>\n\t\t\t\t\t<\/div>\n\t\t\t\t<\/div>\n\t\t<div class=\"elementor-element elementor-element-a7d9124 e-flex e-con-boxed e-con e-parent\" data-id=\"a7d9124\" data-element_type=\"container\" data-e-type=\"container\">\n\t\t\t\t\t<div class=\"e-con-inner\">\n\t\t\t\t<div class=\"elementor-element elementor-element-94a2dcf elementor-widget elementor-widget-text-editor\" data-id=\"94a2dcf\" data-element_type=\"widget\" data-e-type=\"widget\" data-widget_type=\"text-editor.default\">\n\t\t\t\t<div class=\"elementor-widget-container\">\n\t\t\t\t\t\t\t\t\t<p>A Ford Kuga Active Plug-in Hybrid, az egyik leg\u00fajabb \u00e9s legn\u00e9pszer\u0171bb hibrid modell, amely kiv\u00e1l\u00f3an \u00f6tv\u00f6zi a k\u00f6rnyezettudatoss\u00e1got \u00e9s a k\u00e9nyelmet. Az aut\u00f3 nem csup\u00e1n egy h\u00e9tk\u00f6znapi hibrid j\u00e1rm\u0171, hanem egy olyan pr\u00e9mium szint\u0171 \u00e9lm\u00e9nyt k\u00edn\u00e1l, amely a k\u00f6rnyezetv\u00e9delmi szempontokat sem felejti el. A Ford ezen modellj\u00e9t kifejezetten azoknak aj\u00e1nlja, akik a v\u00e1rosi k\u00f6zleked\u00e9sben szeretn\u00e9k kihaszn\u00e1lni a tiszt\u00e1bb \u00fczemeltet\u00e9s el\u0151nyeit, ugyanakkor az aut\u00f3p\u00e1ly\u00e1n \u00e9s a hossz\u00fa utakon sem szeretn\u00e9nek kompromisszumot k\u00f6tni a k\u00e9nyelem ter\u00e9n.<\/p><p><strong>K\u00fcls\u0151 megjelen\u00e9s \u00e9s diz\u00e1jn<\/strong><\/p><p>A Ford Kuga Plug-in Hybrid k\u00fclseje a m\u00e1rk\u00e1t\u00f3l megszokott modern vonalvezet\u00e9st k\u00e9pviseli. A szolid, de karakteres front, a dinamikus oldalvonalak \u00e9s az eleg\u00e1ns h\u00e1ts\u00f3 r\u00e9sz mind hozz\u00e1j\u00e1rulnak a j\u00e1rm\u0171 pr\u00e9mium megjelen\u00e9s\u00e9hez. Az Active felszerelts\u00e9g t\u00f6bbek k\u00f6z\u00f6tt sportosabb k\u00fcls\u0151t biztos\u00edt, \u00edgy az aut\u00f3 m\u00e9g ink\u00e1bb kiemelkedik a sz\u00fcrke aut\u00f3s t\u00f6megb\u0151l.<\/p><p>A Kuga egy\u00e9rtelm\u0171en egy csal\u00e1di SUV, amelynek nagy ablakfel\u00fcletei \u00e9s magas \u00fcl\u00e9spoz\u00edci\u00f3ja biztos\u00edtj\u00e1k a j\u00f3 kil\u00e1t\u00e1st \u00e9s a biztons\u00e1gos vezet\u00e9si \u00e9lm\u00e9nyt. A 18 colos kerekek \u00e9s az er\u0151teljes, de nem t\u00fal hivalkod\u00f3 diz\u00e1jn egyar\u00e1nt a dinamikus \u00e9s praktikus megjelen\u00e9st szolg\u00e1lj\u00e1k.<\/p>\t\t\t\t\t\t\t\t<\/div>\n\t\t\t\t<\/div>\n\t\t\t\t\t<\/div>\n\t\t\t\t<\/div>\n\t\t<div class=\"elementor-element elementor-element-6d5e0a5 e-flex e-con-boxed e-con e-parent\" data-id=\"6d5e0a5\" data-element_type=\"container\" data-e-type=\"container\">\n\t\t\t\t\t<div class=\"e-con-inner\">\n\t\t\t\t<div class=\"elementor-element elementor-element-1250d92 elementor-widget elementor-widget-qi_addons_for_elementor_image_slider\" data-id=\"1250d92\" data-element_type=\"widget\" data-e-type=\"widget\" data-widget_type=\"qi_addons_for_elementor_image_slider.default\">\n\t\t\t\t<div class=\"elementor-widget-container\">\n\t\t\t\t\t<div class=\"qodef-shortcode qodef-m qodef-qi-image-slider qodef-qi-fslightbox-popup qodef-popup-gallery qodef-col-num--3 qodef-qi-grid qodef-qi-swiper-container qodef-navigation--inside qodef-pagination--inside qodef-hide-navigation--768 qodef-navigation--hover-move\" data-options=\"{&quot;direction&quot;:&quot;horizontal&quot;,&quot;slidesPerView&quot;:&quot;3&quot;,&quot;spaceBetween&quot;:30,&quot;spaceBetweenTablet&quot;:30,&quot;spaceBetweenMobile&quot;:30,&quot;effect&quot;:&quot;&quot;,&quot;loop&quot;:true,&quot;autoplay&quot;:true,&quot;centeredSlides&quot;:false,&quot;speed&quot;:&quot;&quot;,&quot;speedAnimation&quot;:&quot;&quot;,&quot;outsideNavigation&quot;:&quot;no&quot;,&quot;outsidePagination&quot;:&quot;no&quot;,&quot;unique&quot;:236,&quot;partialValue&quot;:0,&quot;disablePartialValue&quot;:&quot;&quot;,&quot;parallax&quot;:&quot;no&quot;}\">\n\t<div class=\"swiper-wrapper\">\n\t\t<div class=\"qodef-e swiper-slide\">\n\t<div class=\"qodef-e-inner\">\n\t\t<div class=\"qodef-e-inner-holder\">\n\t\t\t\t\t\t\t<a class=\"qodef-popup-item\" itemprop=\"image\" href=\"https:\/\/egerford.hu\/1\/wp-content\/uploads\/2024\/11\/79b48481-eb56-4620-8c6d-fc99c65924aa-scaled.jpg\" data-type=\"image\" data-fslightbox=\"gallery-236\" data-e-disable-page-transition=\u201dtrue\u201d>\n\t\t\t\t\t\t\t<img fetchpriority=\"high\" decoding=\"async\" width=\"1920\" height=\"2560\" src=\"https:\/\/egerford.hu\/1\/wp-content\/uploads\/2024\/11\/79b48481-eb56-4620-8c6d-fc99c65924aa-scaled.jpg\" class=\"attachment-full size-full\" alt=\"\" srcset=\"https:\/\/egerford.hu\/1\/wp-content\/uploads\/2024\/11\/79b48481-eb56-4620-8c6d-fc99c65924aa-scaled.jpg 1920w, https:\/\/egerford.hu\/1\/wp-content\/uploads\/2024\/11\/79b48481-eb56-4620-8c6d-fc99c65924aa-225x300.jpg 225w, https:\/\/egerford.hu\/1\/wp-content\/uploads\/2024\/11\/79b48481-eb56-4620-8c6d-fc99c65924aa-768x1024.jpg 768w, https:\/\/egerford.hu\/1\/wp-content\/uploads\/2024\/11\/79b48481-eb56-4620-8c6d-fc99c65924aa-1152x1536.jpg 1152w, https:\/\/egerford.hu\/1\/wp-content\/uploads\/2024\/11\/79b48481-eb56-4620-8c6d-fc99c65924aa-1536x2048.jpg 1536w, https:\/\/egerford.hu\/1\/wp-content\/uploads\/2024\/11\/79b48481-eb56-4620-8c6d-fc99c65924aa-200x267.jpg 200w, https:\/\/egerford.hu\/1\/wp-content\/uploads\/2024\/11\/79b48481-eb56-4620-8c6d-fc99c65924aa-600x800.jpg 600w\" sizes=\"(max-width: 1920px) 100vw, 1920px\" \/>\t\t\t\t\t\t\t<\/a>\n\t\t\t\t\t<\/div>\n\t<\/div>\n\t<\/div>\n<div class=\"qodef-e swiper-slide\">\n\t<div class=\"qodef-e-inner\">\n\t\t<div class=\"qodef-e-inner-holder\">\n\t\t\t\t\t\t\t<a class=\"qodef-popup-item\" itemprop=\"image\" href=\"https:\/\/egerford.hu\/1\/wp-content\/uploads\/2024\/11\/3bd05676-0e67-4496-8ae3-0ff10a4ee4b6-scaled.jpg\" data-type=\"image\" data-fslightbox=\"gallery-236\" data-e-disable-page-transition=\u201dtrue\u201d>\n\t\t\t\t\t\t\t<img decoding=\"async\" width=\"1920\" height=\"2560\" src=\"https:\/\/egerford.hu\/1\/wp-content\/uploads\/2024\/11\/3bd05676-0e67-4496-8ae3-0ff10a4ee4b6-scaled.jpg\" class=\"attachment-full size-full\" alt=\"\" srcset=\"https:\/\/egerford.hu\/1\/wp-content\/uploads\/2024\/11\/3bd05676-0e67-4496-8ae3-0ff10a4ee4b6-scaled.jpg 1920w, https:\/\/egerford.hu\/1\/wp-content\/uploads\/2024\/11\/3bd05676-0e67-4496-8ae3-0ff10a4ee4b6-225x300.jpg 225w, https:\/\/egerford.hu\/1\/wp-content\/uploads\/2024\/11\/3bd05676-0e67-4496-8ae3-0ff10a4ee4b6-768x1024.jpg 768w, https:\/\/egerford.hu\/1\/wp-content\/uploads\/2024\/11\/3bd05676-0e67-4496-8ae3-0ff10a4ee4b6-1152x1536.jpg 1152w, https:\/\/egerford.hu\/1\/wp-content\/uploads\/2024\/11\/3bd05676-0e67-4496-8ae3-0ff10a4ee4b6-1536x2048.jpg 1536w, https:\/\/egerford.hu\/1\/wp-content\/uploads\/2024\/11\/3bd05676-0e67-4496-8ae3-0ff10a4ee4b6-200x267.jpg 200w, https:\/\/egerford.hu\/1\/wp-content\/uploads\/2024\/11\/3bd05676-0e67-4496-8ae3-0ff10a4ee4b6-600x800.jpg 600w\" sizes=\"(max-width: 1920px) 100vw, 1920px\" \/>\t\t\t\t\t\t\t<\/a>\n\t\t\t\t\t<\/div>\n\t<\/div>\n\t<\/div>\n<div class=\"qodef-e swiper-slide\">\n\t<div class=\"qodef-e-inner\">\n\t\t<div class=\"qodef-e-inner-holder\">\n\t\t\t\t\t\t\t<a class=\"qodef-popup-item\" itemprop=\"image\" href=\"https:\/\/egerford.hu\/1\/wp-content\/uploads\/2024\/11\/f03f8189-09c2-4b1d-afb4-4a2cd7074b49-scaled.jpg\" data-type=\"image\" data-fslightbox=\"gallery-236\" data-e-disable-page-transition=\u201dtrue\u201d>\n\t\t\t\t\t\t\t<img decoding=\"async\" width=\"1920\" height=\"2560\" src=\"https:\/\/egerford.hu\/1\/wp-content\/uploads\/2024\/11\/f03f8189-09c2-4b1d-afb4-4a2cd7074b49-scaled.jpg\" class=\"attachment-full size-full\" alt=\"\" srcset=\"https:\/\/egerford.hu\/1\/wp-content\/uploads\/2024\/11\/f03f8189-09c2-4b1d-afb4-4a2cd7074b49-scaled.jpg 1920w, https:\/\/egerford.hu\/1\/wp-content\/uploads\/2024\/11\/f03f8189-09c2-4b1d-afb4-4a2cd7074b49-225x300.jpg 225w, https:\/\/egerford.hu\/1\/wp-content\/uploads\/2024\/11\/f03f8189-09c2-4b1d-afb4-4a2cd7074b49-768x1024.jpg 768w, https:\/\/egerford.hu\/1\/wp-content\/uploads\/2024\/11\/f03f8189-09c2-4b1d-afb4-4a2cd7074b49-1152x1536.jpg 1152w, https:\/\/egerford.hu\/1\/wp-content\/uploads\/2024\/11\/f03f8189-09c2-4b1d-afb4-4a2cd7074b49-1536x2048.jpg 1536w, https:\/\/egerford.hu\/1\/wp-content\/uploads\/2024\/11\/f03f8189-09c2-4b1d-afb4-4a2cd7074b49-200x267.jpg 200w, https:\/\/egerford.hu\/1\/wp-content\/uploads\/2024\/11\/f03f8189-09c2-4b1d-afb4-4a2cd7074b49-600x800.jpg 600w\" sizes=\"(max-width: 1920px) 100vw, 1920px\" \/>\t\t\t\t\t\t\t<\/a>\n\t\t\t\t\t<\/div>\n\t<\/div>\n\t<\/div>\n<div class=\"qodef-e swiper-slide\">\n\t<div class=\"qodef-e-inner\">\n\t\t<div class=\"qodef-e-inner-holder\">\n\t\t\t\t\t\t\t<a class=\"qodef-popup-item\" itemprop=\"image\" href=\"https:\/\/egerford.hu\/1\/wp-content\/uploads\/2024\/11\/226ad26a-c69f-40df-8426-16cf3b8d7d74-scaled.jpg\" data-type=\"image\" data-fslightbox=\"gallery-236\" data-e-disable-page-transition=\u201dtrue\u201d>\n\t\t\t\t\t\t\t<img loading=\"lazy\" decoding=\"async\" width=\"1907\" height=\"2560\" src=\"https:\/\/egerford.hu\/1\/wp-content\/uploads\/2024\/11\/226ad26a-c69f-40df-8426-16cf3b8d7d74-scaled.jpg\" class=\"attachment-full size-full\" alt=\"\" srcset=\"https:\/\/egerford.hu\/1\/wp-content\/uploads\/2024\/11\/226ad26a-c69f-40df-8426-16cf3b8d7d74-scaled.jpg 1907w, https:\/\/egerford.hu\/1\/wp-content\/uploads\/2024\/11\/226ad26a-c69f-40df-8426-16cf3b8d7d74-223x300.jpg 223w, https:\/\/egerford.hu\/1\/wp-content\/uploads\/2024\/11\/226ad26a-c69f-40df-8426-16cf3b8d7d74-763x1024.jpg 763w, https:\/\/egerford.hu\/1\/wp-content\/uploads\/2024\/11\/226ad26a-c69f-40df-8426-16cf3b8d7d74-768x1031.jpg 768w, https:\/\/egerford.hu\/1\/wp-content\/uploads\/2024\/11\/226ad26a-c69f-40df-8426-16cf3b8d7d74-1144x1536.jpg 1144w, https:\/\/egerford.hu\/1\/wp-content\/uploads\/2024\/11\/226ad26a-c69f-40df-8426-16cf3b8d7d74-1526x2048.jpg 1526w, https:\/\/egerford.hu\/1\/wp-content\/uploads\/2024\/11\/226ad26a-c69f-40df-8426-16cf3b8d7d74-200x268.jpg 200w, https:\/\/egerford.hu\/1\/wp-content\/uploads\/2024\/11\/226ad26a-c69f-40df-8426-16cf3b8d7d74-600x805.jpg 600w\" sizes=\"(max-width: 1907px) 100vw, 1907px\" \/>\t\t\t\t\t\t\t<\/a>\n\t\t\t\t\t<\/div>\n\t<\/div>\n\t<\/div>\n<div class=\"qodef-e swiper-slide\">\n\t<div class=\"qodef-e-inner\">\n\t\t<div class=\"qodef-e-inner-holder\">\n\t\t\t\t\t\t\t<a class=\"qodef-popup-item\" itemprop=\"image\" href=\"https:\/\/egerford.hu\/1\/wp-content\/uploads\/2024\/11\/acf0f2d5-0f4e-405c-a8bc-b40b882ec473-scaled.jpg\" data-type=\"image\" data-fslightbox=\"gallery-236\" data-e-disable-page-transition=\u201dtrue\u201d>\n\t\t\t\t\t\t\t<img loading=\"lazy\" decoding=\"async\" width=\"1920\" height=\"2560\" src=\"https:\/\/egerford.hu\/1\/wp-content\/uploads\/2024\/11\/acf0f2d5-0f4e-405c-a8bc-b40b882ec473-scaled.jpg\" class=\"attachment-full size-full\" alt=\"\" srcset=\"https:\/\/egerford.hu\/1\/wp-content\/uploads\/2024\/11\/acf0f2d5-0f4e-405c-a8bc-b40b882ec473-scaled.jpg 1920w, https:\/\/egerford.hu\/1\/wp-content\/uploads\/2024\/11\/acf0f2d5-0f4e-405c-a8bc-b40b882ec473-225x300.jpg 225w, https:\/\/egerford.hu\/1\/wp-content\/uploads\/2024\/11\/acf0f2d5-0f4e-405c-a8bc-b40b882ec473-768x1024.jpg 768w, https:\/\/egerford.hu\/1\/wp-content\/uploads\/2024\/11\/acf0f2d5-0f4e-405c-a8bc-b40b882ec473-1152x1536.jpg 1152w, https:\/\/egerford.hu\/1\/wp-content\/uploads\/2024\/11\/acf0f2d5-0f4e-405c-a8bc-b40b882ec473-1536x2048.jpg 1536w, https:\/\/egerford.hu\/1\/wp-content\/uploads\/2024\/11\/acf0f2d5-0f4e-405c-a8bc-b40b882ec473-200x267.jpg 200w, https:\/\/egerford.hu\/1\/wp-content\/uploads\/2024\/11\/acf0f2d5-0f4e-405c-a8bc-b40b882ec473-600x800.jpg 600w\" sizes=\"(max-width: 1920px) 100vw, 1920px\" \/>\t\t\t\t\t\t\t<\/a>\n\t\t\t\t\t<\/div>\n\t<\/div>\n\t<\/div>\n\t<\/div>\n\t\t<div class=\"swiper-button-prev\"><svg class=\"qodef-swiper-arrow-left\" xmlns=\"http:\/\/www.w3.org\/2000\/svg\" x=\"0px\" y=\"0px\" viewBox=\"0 0 34.2 32.3\" xml:space=\"preserve\" style=\"stroke-width: 2;\"><line x1=\"0.5\" y1=\"16\" x2=\"33.5\" y2=\"16\"\/><line x1=\"0.3\" y1=\"16.5\" x2=\"16.2\" y2=\"0.7\"\/><line x1=\"0\" y1=\"15.4\" x2=\"16.2\" y2=\"31.6\"\/><\/svg><\/div>\n\t<div class=\"swiper-button-next\"><svg class=\"qodef-swiper-arrow-right\" xmlns=\"http:\/\/www.w3.org\/2000\/svg\" x=\"0px\" y=\"0px\" viewBox=\"0 0 34.2 32.3\" xml:space=\"preserve\" style=\"stroke-width: 2;\"><line x1=\"0\" y1=\"16\" x2=\"33\" y2=\"16\"\/><line x1=\"17.3\" y1=\"0.7\" x2=\"33.2\" y2=\"16.5\"\/><line x1=\"17.3\" y1=\"31.6\" x2=\"33.5\" y2=\"15.4\"\/><\/svg><\/div>\n\t<div class=\"swiper-pagination\"><\/div>\n<\/div>\n\t\t\t\t<\/div>\n\t\t\t\t<\/div>\n\t\t\t\t\t<\/div>\n\t\t\t\t<\/div>\n\t\t<div class=\"elementor-element elementor-element-9069514 e-flex e-con-boxed e-con e-parent\" data-id=\"9069514\" data-element_type=\"container\" data-e-type=\"container\">\n\t\t\t\t\t<div class=\"e-con-inner\">\n\t\t\t\t<div class=\"elementor-element elementor-element-bd8bd7c elementor-widget elementor-widget-text-editor\" data-id=\"bd8bd7c\" data-element_type=\"widget\" data-e-type=\"widget\" data-widget_type=\"text-editor.default\">\n\t\t\t\t<div class=\"elementor-widget-container\">\n\t\t\t\t\t\t\t\t\t<p><strong>Bels\u0151 t\u00e9r \u00e9s k\u00e9nyelem<\/strong><\/p>\n<p>A Ford Kuga Plug-in Hybrid bels\u0151 ter\u00e9t a k\u00e9nyelmet \u00e9s a pr\u00e9mium min\u0151s\u00e9get szem el\u0151tt tartva alak\u00edtott\u00e1k ki. Az utast\u00e9rben a legfinomabb anyagok \u00e9s a j\u00f3l megtervezett ergon\u00f3mia garant\u00e1lj\u00e1k a k\u00e9nyelmet, legyen sz\u00f3 ak\u00e1r egy napi ing\u00e1z\u00e1sr\u00f3l, ak\u00e1r egy hossz\u00fa \u00fatr\u00f3l.<\/p>\n<p>Az Active felszerelts\u00e9g k\u00fcl\u00f6n\u00f6sen gazdag, k\u00e9nyelmi funkci\u00f3kban: b\u0151rk\u00e1rpit, elektromosan \u00e1ll\u00edthat\u00f3 vezet\u0151\u00fcl\u00e9s, \u00e9s pr\u00e9mium audiorendszer mind hozz\u00e1j\u00e1rulnak ahhoz, hogy az aut\u00f3z\u00e1s ne csup\u00e1n k\u00f6zleked\u00e9s legyen, hanem \u00e9lm\u00e9ny. A k\u00e9nyelmi szempontok mellett a praktikus t\u00e1rol\u00f3helyek is b\u0151s\u00e9gesek, \u00edgy a csal\u00e1d minden sz\u00fcks\u00e9ges holmija k\u00f6nnyed\u00e9n elf\u00e9r az aut\u00f3ban.<\/p>\n<p><strong>Teljes\u00edtm\u00e9ny \u00e9s vezet\u00e9si \u00e9lm\u00e9ny<\/strong><\/p>\n<p>A Ford Kuga Plug-in Hybrid hajt\u00e1sl\u00e1nca egy 2,5 literes benzinmotor \u00e9s egy elektromotor kombin\u00e1ci\u00f3ja. Az aut\u00f3 rendszerteljes\u00edtm\u00e9nye 175 l\u00f3er\u0151(ezen modell), amely elegend\u0151 er\u0151t biztos\u00edt a gyorsul\u00e1shoz, ugyanakkor a hibrid rendszernek k\u00f6sz\u00f6nhet\u0151en nem kell agg\u00f3dnunk a magas \u00fczemanyagk\u00f6lts\u00e9gek miatt.<\/p>\n<p>A j\u00e1rm\u0171ben tal\u00e1lhat\u00f3 intelligens vezet\u00e9si m\u00f3dok \u2013 mint p\u00e9ld\u00e1ul az EV, Auto \u00e9s Eco \u2013 lehet\u0151v\u00e9 teszik, hogy a vezet\u0151 az aktu\u00e1lis helyzetnek megfelel\u0151en v\u00e1lasszon a k\u00fcl\u00f6nb\u00f6z\u0151 \u00fczemm\u00f3dok k\u00f6z\u00fcl. Az elektromos hajt\u00e1s seg\u00edts\u00e9g\u00e9vel a Kuga csendes, z\u00e9r\u00f3 emisszi\u00f3s k\u00f6zleked\u00e9st biztos\u00edt v\u00e1rosi k\u00f6rnyezetben, m\u00edg az aut\u00f3p\u00e1ly\u00e1n a benzinmotor \u00e9s az elektromotor egy\u00fctt dolgoznak, hogy a legjobb \u00fczemanyag-hat\u00e9konys\u00e1got biztos\u00edts\u00e1k.<\/p>\n<p>A vezet\u00e9si \u00e9lm\u00e9nyt tov\u00e1bb n\u00f6veli a dinamikus fut\u00f3m\u0171, amely kanyarban \u00e9s egyenesben is remek stabilit\u00e1st biztos\u00edt. Az aut\u00f3 nemcsak gyorsan reag\u00e1l a korm\u00e1nyz\u00e1sra, hanem az \u00fatfel\u00fclethez is alkalmazkodik, \u00edgy biztos\u00edtva a komfortos \u00e9s biztons\u00e1gos k\u00f6zleked\u00e9st minden k\u00f6r\u00fclm\u00e9nyek k\u00f6z\u00f6tt.<\/p>\n<p><strong>Hibrid rendszer \u00e9s \u00fczemeltet\u00e9si k\u00f6lts\u00e9gek<\/strong><\/p>\n<p>A Ford Kuga Plug-in Hybrid egyik legnagyobb el\u0151nye az alacsony \u00fczemeltet\u00e9si k\u00f6lts\u00e9gek. Az aut\u00f3 tiszt\u00e1n elektromos \u00fczemm\u00f3dban ak\u00e1r 50 km-t is k\u00e9pes megtenni, \u00edgy a napi v\u00e1rosi ing\u00e1z\u00e1s sor\u00e1n k\u00f6nnyen elker\u00fclhet\u0151 a benzinmotor haszn\u00e1lata. Az aut\u00f3 t\u00f6lt\u00e9se egyszer\u0171, ak\u00e1r otthoni t\u00f6lt\u0151\u00e1llom\u00e1sr\u00f3l, ak\u00e1r k\u00f6zter\u00fcleti t\u00f6lt\u0151pontok seg\u00edts\u00e9g\u00e9vel. A t\u00f6lt\u00e9s gyorsas\u00e1ga is kiemelked\u0151, \u00edgy nem sz\u00fcks\u00e9ges hossz\u00fa \u00f3r\u00e1kat v\u00e1rni a teljes t\u00f6lt\u00e9sre.<\/p>\n<p>A Kuga Plug-in Hybrid k\u00fcl\u00f6n\u00f6sen ide\u00e1lis v\u00e1laszt\u00e1s azok sz\u00e1m\u00e1ra, akik szeretn\u00e9k cs\u00f6kkenteni a k\u00e1rosanyag-kibocs\u00e1t\u00e1st, mik\u00f6zben nem k\u00edv\u00e1nnak lemondani az aut\u00f3 \u00e1ltal ny\u00fajtott teljes\u00edtm\u00e9nyr\u0151l \u00e9s k\u00e9nyelemr\u0151l. Az alacsony fenntart\u00e1si k\u00f6lts\u00e9gek \u00e9s az elektromos \u00fczemeltet\u00e9s el\u0151nyei az aut\u00f3val val\u00f3 mindennapi k\u00f6zleked\u00e9st m\u00e9g gazdas\u00e1gosabb\u00e1 teszik.<\/p>\n<p><strong>\u00d6sszegz\u00e9s: Mi\u00e9rt \u00e9rdemes v\u00e1lasztani a Ford Kuga Active Plug-in Hybridet?<\/strong><\/p>\n<p>A Ford Kuga Active Plug-in Hybrid val\u00f3ban egy kiemelked\u0151 modell a hibrid j\u00e1rm\u0171vek k\u00f6z\u00f6tt, amely t\u00f6k\u00e9letes v\u00e1laszt\u00e1s azoknak, akik a fenntarthat\u00f3 k\u00f6zleked\u00e9st \u00e9s a pr\u00e9mium k\u00e9nyelemet keresik. A v\u00e1ltozatos vezet\u00e9si m\u00f3dok, a nagy teljes\u00edtm\u00e9ny \u00e9s az alacsony \u00fczemeltet\u00e9si k\u00f6lts\u00e9gek mind hozz\u00e1j\u00e1rulnak ahhoz, hogy a Kuga a hibrid j\u00e1rm\u0171vek piac\u00e1nak egyik leger\u0151sebb szerepl\u0151j\u00e9v\u00e9 v\u00e1ljon. Ha egy modern, k\u00e9nyelmes \u00e9s gazdas\u00e1gos j\u00e1rm\u0171re van sz\u00fcks\u00e9ged, amely a k\u00f6rnyezetet is v\u00e9di, a Ford Kuga Active Plug-in Hybrid mindenk\u00e9ppen j\u00f3 v\u00e1laszt\u00e1s lesz.<\/p>\n<p><\/p>\n<p>Fab\u00f3k D\u00e1niel<\/p>\t\t\t\t\t\t\t\t<\/div>\n\t\t\t\t<\/div>\n\t\t\t\t\t<\/div>\n\t\t\t\t<\/div>\n\t\t\t\t<\/div>\n\t\t","protected":false},"excerpt":{"rendered":"<p>Ford Kuga Active Plug-in Hybrid: A fels\u0151 kateg\u00f3ri\u00e1s k\u00e9nyelem hibrid Eur\u00f3pa-bajnoka A Ford Kuga Active Plug-in Hybrid, az egyik leg\u00fajabb \u00e9s legn\u00e9pszer\u0171bb hibrid modell, amely kiv\u00e1l\u00f3an \u00f6tv\u00f6zi a k\u00f6rnyezettudatoss\u00e1got \u00e9s a k\u00e9nyelmet. Az aut\u00f3 nem csup\u00e1n egy h\u00e9tk\u00f6znapi hibrid j\u00e1rm\u0171, hanem egy olyan pr\u00e9mium szint\u0171 \u00e9lm\u00e9nyt k\u00edn\u00e1l, amely a k\u00f6rnyezetv\u00e9delmi szempontokat sem felejti el. A [&hellip;]<\/p>\n","protected":false},"author":1,"featured_media":0,"parent":0,"menu_order":0,"comment_status":"closed","ping_status":"closed","template":"","meta":{"site-sidebar-layout":"no-sidebar","site-content-layout":"page-builder","ast-site-content-layout":"full-width-container","site-content-style":"default","site-sidebar-style":"default","ast-global-header-display":"","ast-banner-title-visibility":"","ast-main-header-display":"","ast-hfb-above-header-display":"","ast-hfb-below-header-display":"","ast-hfb-mobile-header-display":"","site-post-title":"disabled","ast-breadcrumbs-content":"","ast-featured-img":"disabled","footer-sml-layout":"","theme-transparent-header-meta":"","adv-header-id-meta":"","stick-header-meta":"","header-above-stick-meta":"","header-main-stick-meta":"","header-below-stick-meta":"","astra-migrate-meta-layouts":"set","ast-page-background-enabled":"default","ast-page-background-meta":{"desktop":{"background-color":"","background-image":"","background-repeat":"repeat","background-position":"center center","background-size":"auto","background-attachment":"scroll","background-type":"","background-media":"","overlay-type":"","overlay-color":"","overlay-opacity":"","overlay-gradient":""},"tablet":{"background-color":"","background-image":"","background-repeat":"repeat","background-position":"center center","background-size":"auto","background-attachment":"scroll","background-type":"","background-media":"","overlay-type":"","overlay-color":"","overlay-opacity":"","overlay-gradient":""},"mobile":{"background-color":"","background-image":"","background-repeat":"repeat","background-position":"center center","background-size":"auto","background-attachment":"scroll","background-type":"","background-media":"","overlay-type":"","overlay-color":"","overlay-opacity":"","overlay-gradient":""}},"ast-content-background-meta":{"desktop":{"background-color":"var(--ast-global-color-5)","background-image":"","background-repeat":"repeat","background-position":"center center","background-size":"auto","background-attachment":"scroll","background-type":"","background-media":"","overlay-type":"","overlay-color":"","overlay-opacity":"","overlay-gradient":""},"tablet":{"background-color":"var(--ast-global-color-5)","background-image":"","background-repeat":"repeat","background-position":"center center","background-size":"auto","background-attachment":"scroll","background-type":"","background-media":"","overlay-type":"","overlay-color":"","overlay-opacity":"","overlay-gradient":""},"mobile":{"background-color":"var(--ast-global-color-5)","background-image":"","background-repeat":"repeat","background-position":"center center","background-size":"auto","background-attachment":"scroll","background-type":"","background-media":"","overlay-type":"","overlay-color":"","overlay-opacity":"","overlay-gradient":""}},"footnotes":""},"class_list":["post-6050","page","type-page","status-publish","hentry"],"_links":{"self":[{"href":"https:\/\/egerford.hu\/1\/wp-json\/wp\/v2\/pages\/6050","targetHints":{"allow":["GET"]}}],"collection":[{"href":"https:\/\/egerford.hu\/1\/wp-json\/wp\/v2\/pages"}],"about":[{"href":"https:\/\/egerford.hu\/1\/wp-json\/wp\/v2\/types\/page"}],"author":[{"embeddable":true,"href":"https:\/\/egerford.hu\/1\/wp-json\/wp\/v2\/users\/1"}],"replies":[{"embeddable":true,"href":"https:\/\/egerford.hu\/1\/wp-json\/wp\/v2\/comments?post=6050"}],"version-history":[{"count":8,"href":"https:\/\/egerford.hu\/1\/wp-json\/wp\/v2\/pages\/6050\/revisions"}],"predecessor-version":[{"id":6070,"href":"https:\/\/egerford.hu\/1\/wp-json\/wp\/v2\/pages\/6050\/revisions\/6070"}],"wp:attachment":[{"href":"https:\/\/egerford.hu\/1\/wp-json\/wp\/v2\/media?parent=6050"}],"curies":[{"name":"wp","href":"https:\/\/api.w.org\/{rel}","templated":true}]}}