{"id":6033,"date":"2024-11-05T20:44:21","date_gmt":"2024-11-05T20:44:21","guid":{"rendered":"https:\/\/egerford.hu\/1\/?page_id=6033"},"modified":"2024-11-05T20:48:35","modified_gmt":"2024-11-05T20:48:35","slug":"ginop1","status":"publish","type":"page","link":"https:\/\/egerford.hu\/1\/ginop1\/","title":{"rendered":"ginop1"},"content":{"rendered":"\t\t<div data-elementor-type=\"wp-page\" data-elementor-id=\"6033\" class=\"elementor elementor-6033\">\n\t\t\t\t<div class=\"elementor-element elementor-element-f826860 e-flex e-con-boxed e-con e-parent\" data-id=\"f826860\" data-element_type=\"container\" data-e-type=\"container\">\n\t\t\t\t\t<div class=\"e-con-inner\">\n\t\t\t\t<div class=\"elementor-element elementor-element-58eede9 elementor-widget elementor-widget-text-editor\" data-id=\"58eede9\" data-element_type=\"widget\" data-e-type=\"widget\" data-widget_type=\"text-editor.default\">\n\t\t\t\t<div class=\"elementor-widget-container\">\n\t\t\t\t\t\t\t\t\t<p><strong>A BARTA AUT\u00d3 HOLDING KFT. VERSENYK\u00c9PESS\u00c9G\u00c9NEK JAV\u00cdT\u00c1SA<\/strong><\/p><p>\u00a0<\/p><p>A projekt azonos\u00edt\u00f3sz\u00e1ma\/szerz\u0151d\u00e9s sz\u00e1ma: H-EKTG2\/108002\/2023\/332265\/001<\/p><p>A kedvezm\u00e9nyezett neve: Barta Aut\u00f3 Holding Kft.<\/p><p>K\u00f6lcs\u00f6n \u00f6sszege: 149.900.000 Ft<\/p><p>\u00a0<\/p><p>A v\u00e1llalkoz\u00e1s a gazdas\u00e1gi helyzet, az ukr\u00e1n-orosz h\u00e1bor\u00fa k\u00f6vetkezt\u00e9ben kialakult finansz\u00edroz\u00e1si \u00e9s energetikai v\u00e1ls\u00e1g miatt t\u00e1mogat\u00e1si ig\u00e9nyt ny\u00fajtott be a GINOP-8.3.5-18 \u2019B\u2019 Hitelc\u00e9l a Mikro-, kis- \u00e9s k\u00f6z\u00e9pv\u00e1llalkoz\u00e1sok technol\u00f3giai korszer\u0171s\u00edt\u00e9se c\u00e9l\u00fa Hitelprogram keret\u00e9ben. A projekt megval\u00f3s\u00edt\u00e1sa sor\u00e1n ig\u00e9nyelt finansz\u00edroz\u00e1s a jelenlegi kisz\u00e1m\u00edthatatlan gazdas\u00e1gi helyzet miatt v\u00e1lt sz\u00fcks\u00e9gess\u00e9, hogy a C\u00e9g biztos\u00edtani tudja likvidit\u00e1s\u00e1t, a k\u00e9szleteinek finansz\u00edroz\u00e1sa pedig z\u00f6kken\u0151mentes legyen.<\/p>\t\t\t\t\t\t\t\t<\/div>\n\t\t\t\t<\/div>\n\t\t\t\t\t<\/div>\n\t\t\t\t<\/div>\n\t\t<div class=\"elementor-element elementor-element-949d57e e-flex e-con-boxed e-con e-parent\" data-id=\"949d57e\" data-element_type=\"container\" data-e-type=\"container\">\n\t\t\t\t\t<div class=\"e-con-inner\">\n\t\t\t\t<div class=\"elementor-element elementor-element-b5bc1a3 elementor-absolute elementor-widget elementor-widget-image\" data-id=\"b5bc1a3\" data-element_type=\"widget\" data-e-type=\"widget\" data-settings=\"{&quot;_position&quot;:&quot;absolute&quot;}\" data-widget_type=\"image.default\">\n\t\t\t\t<div class=\"elementor-widget-container\">\n\t\t\t\t\t\t\t\t\t\t\t\t\t\t\t<img fetchpriority=\"high\" decoding=\"async\" width=\"1024\" height=\"708\" src=\"https:\/\/egerford.hu\/1\/wp-content\/uploads\/2024\/11\/infoblokk_kedv_final_CMYK_ERFA-1024x708.jpg\" class=\"attachment-large size-large wp-image-6029\" alt=\"\" srcset=\"https:\/\/egerford.hu\/1\/wp-content\/uploads\/2024\/11\/infoblokk_kedv_final_CMYK_ERFA-1024x708.jpg 1024w, https:\/\/egerford.hu\/1\/wp-content\/uploads\/2024\/11\/infoblokk_kedv_final_CMYK_ERFA-300x207.jpg 300w, https:\/\/egerford.hu\/1\/wp-content\/uploads\/2024\/11\/infoblokk_kedv_final_CMYK_ERFA-768x531.jpg 768w, https:\/\/egerford.hu\/1\/wp-content\/uploads\/2024\/11\/infoblokk_kedv_final_CMYK_ERFA-200x138.jpg 200w, https:\/\/egerford.hu\/1\/wp-content\/uploads\/2024\/11\/infoblokk_kedv_final_CMYK_ERFA-600x415.jpg 600w, https:\/\/egerford.hu\/1\/wp-content\/uploads\/2024\/11\/infoblokk_kedv_final_CMYK_ERFA.jpg 1453w\" sizes=\"(max-width: 1024px) 100vw, 1024px\" \/>\t\t\t\t\t\t\t\t\t\t\t\t\t\t\t<\/div>\n\t\t\t\t<\/div>\n\t\t\t\t\t<\/div>\n\t\t\t\t<\/div>\n\t\t\t\t<\/div>\n\t\t","protected":false},"excerpt":{"rendered":"<p>A BARTA AUT\u00d3 HOLDING KFT. VERSENYK\u00c9PESS\u00c9G\u00c9NEK JAV\u00cdT\u00c1SA \u00a0 A projekt azonos\u00edt\u00f3sz\u00e1ma\/szerz\u0151d\u00e9s sz\u00e1ma: H-EKTG2\/108002\/2023\/332265\/001 A kedvezm\u00e9nyezett neve: Barta Aut\u00f3 Holding Kft. K\u00f6lcs\u00f6n \u00f6sszege: 149.900.000 Ft \u00a0 A v\u00e1llalkoz\u00e1s a gazdas\u00e1gi helyzet, az ukr\u00e1n-orosz h\u00e1bor\u00fa k\u00f6vetkezt\u00e9ben kialakult finansz\u00edroz\u00e1si \u00e9s energetikai v\u00e1ls\u00e1g miatt t\u00e1mogat\u00e1si ig\u00e9nyt ny\u00fajtott be a GINOP-8.3.5-18 \u2019B\u2019 Hitelc\u00e9l a Mikro-, kis- \u00e9s k\u00f6z\u00e9pv\u00e1llalkoz\u00e1sok technol\u00f3giai korszer\u0171s\u00edt\u00e9se [&hellip;]<\/p>\n","protected":false},"author":1,"featured_media":0,"parent":0,"menu_order":0,"comment_status":"closed","ping_status":"closed","template":"","meta":{"site-sidebar-layout":"no-sidebar","site-content-layout":"page-builder","ast-site-content-layout":"full-width-container","site-content-style":"default","site-sidebar-style":"default","ast-global-header-display":"","ast-banner-title-visibility":"","ast-main-header-display":"","ast-hfb-above-header-display":"","ast-hfb-below-header-display":"","ast-hfb-mobile-header-display":"","site-post-title":"disabled","ast-breadcrumbs-content":"","ast-featured-img":"disabled","footer-sml-layout":"","theme-transparent-header-meta":"","adv-header-id-meta":"","stick-header-meta":"","header-above-stick-meta":"","header-main-stick-meta":"","header-below-stick-meta":"","astra-migrate-meta-layouts":"set","ast-page-background-enabled":"default","ast-page-background-meta":{"desktop":{"background-color":"","background-image":"","background-repeat":"repeat","background-position":"center center","background-size":"auto","background-attachment":"scroll","background-type":"","background-media":"","overlay-type":"","overlay-color":"","overlay-opacity":"","overlay-gradient":""},"tablet":{"background-color":"","background-image":"","background-repeat":"repeat","background-position":"center center","background-size":"auto","background-attachment":"scroll","background-type":"","background-media":"","overlay-type":"","overlay-color":"","overlay-opacity":"","overlay-gradient":""},"mobile":{"background-color":"","background-image":"","background-repeat":"repeat","background-position":"center center","background-size":"auto","background-attachment":"scroll","background-type":"","background-media":"","overlay-type":"","overlay-color":"","overlay-opacity":"","overlay-gradient":""}},"ast-content-background-meta":{"desktop":{"background-color":"var(--ast-global-color-5)","background-image":"","background-repeat":"repeat","background-position":"center center","background-size":"auto","background-attachment":"scroll","background-type":"","background-media":"","overlay-type":"","overlay-color":"","overlay-opacity":"","overlay-gradient":""},"tablet":{"background-color":"var(--ast-global-color-5)","background-image":"","background-repeat":"repeat","background-position":"center center","background-size":"auto","background-attachment":"scroll","background-type":"","background-media":"","overlay-type":"","overlay-color":"","overlay-opacity":"","overlay-gradient":""},"mobile":{"background-color":"var(--ast-global-color-5)","background-image":"","background-repeat":"repeat","background-position":"center center","background-size":"auto","background-attachment":"scroll","background-type":"","background-media":"","overlay-type":"","overlay-color":"","overlay-opacity":"","overlay-gradient":""}},"footnotes":""},"class_list":["post-6033","page","type-page","status-publish","hentry"],"_links":{"self":[{"href":"https:\/\/egerford.hu\/1\/wp-json\/wp\/v2\/pages\/6033","targetHints":{"allow":["GET"]}}],"collection":[{"href":"https:\/\/egerford.hu\/1\/wp-json\/wp\/v2\/pages"}],"about":[{"href":"https:\/\/egerford.hu\/1\/wp-json\/wp\/v2\/types\/page"}],"author":[{"embeddable":true,"href":"https:\/\/egerford.hu\/1\/wp-json\/wp\/v2\/users\/1"}],"replies":[{"embeddable":true,"href":"https:\/\/egerford.hu\/1\/wp-json\/wp\/v2\/comments?post=6033"}],"version-history":[{"count":8,"href":"https:\/\/egerford.hu\/1\/wp-json\/wp\/v2\/pages\/6033\/revisions"}],"predecessor-version":[{"id":6041,"href":"https:\/\/egerford.hu\/1\/wp-json\/wp\/v2\/pages\/6033\/revisions\/6041"}],"wp:attachment":[{"href":"https:\/\/egerford.hu\/1\/wp-json\/wp\/v2\/media?parent=6033"}],"curies":[{"name":"wp","href":"https:\/\/api.w.org\/{rel}","templated":true}]}}