{"id":5926,"date":"2024-10-03T09:20:58","date_gmt":"2024-10-03T09:20:58","guid":{"rendered":"https:\/\/egerford.hu\/1\/?page_id=5926"},"modified":"2024-10-03T14:03:08","modified_gmt":"2024-10-03T14:03:08","slug":"fordexplorer-2024","status":"publish","type":"page","link":"https:\/\/egerford.hu\/1\/fordexplorer-2024\/","title":{"rendered":"Explorer a F\u00f6ld k\u00f6r\u00fcl"},"content":{"rendered":"\t\t<div data-elementor-type=\"wp-page\" data-elementor-id=\"5926\" class=\"elementor elementor-5926\">\n\t\t\t\t<div class=\"elementor-element elementor-element-5490993 e-flex e-con-boxed e-con e-parent\" data-id=\"5490993\" data-element_type=\"container\" data-e-type=\"container\">\n\t\t\t\t\t<div class=\"e-con-inner\">\n\t\t\t\t<div class=\"elementor-element elementor-element-4302924 elementor-widget elementor-widget-heading\" data-id=\"4302924\" data-element_type=\"widget\" data-e-type=\"widget\" data-widget_type=\"heading.default\">\n\t\t\t\t<div class=\"elementor-widget-container\">\n\t\t\t\t\t<h2 class=\"elementor-heading-title elementor-size-default\">Csodav\u00e1rom\u00e1nyos \u00faj villanyaut\u00f3nk - Ford Explorer<\/h2>\t\t\t\t<\/div>\n\t\t\t\t<\/div>\n\t\t\t\t\t<\/div>\n\t\t\t\t<\/div>\n\t\t<div class=\"elementor-element elementor-element-d0244e8 e-flex e-con-boxed e-con e-parent\" data-id=\"d0244e8\" data-element_type=\"container\" data-e-type=\"container\">\n\t\t\t\t\t<div class=\"e-con-inner\">\n\t\t\t\t<div class=\"elementor-element elementor-element-9077217 elementor-widget elementor-widget-image\" data-id=\"9077217\" data-element_type=\"widget\" data-e-type=\"widget\" data-widget_type=\"image.default\">\n\t\t\t\t<div class=\"elementor-widget-container\">\n\t\t\t\t\t\t\t\t\t\t\t\t\t\t\t<img fetchpriority=\"high\" decoding=\"async\" width=\"1920\" height=\"1080\" src=\"https:\/\/egerford.hu\/1\/wp-content\/uploads\/2024\/10\/kopiz5omjdeiwjr7egs3.avif\" class=\"attachment-full size-full wp-image-5940\" alt=\"\" srcset=\"https:\/\/egerford.hu\/1\/wp-content\/uploads\/2024\/10\/kopiz5omjdeiwjr7egs3.avif 1920w, https:\/\/egerford.hu\/1\/wp-content\/uploads\/2024\/10\/kopiz5omjdeiwjr7egs3-300x169.avif 300w, https:\/\/egerford.hu\/1\/wp-content\/uploads\/2024\/10\/kopiz5omjdeiwjr7egs3-1024x576.avif 1024w, https:\/\/egerford.hu\/1\/wp-content\/uploads\/2024\/10\/kopiz5omjdeiwjr7egs3-768x432.avif 768w, https:\/\/egerford.hu\/1\/wp-content\/uploads\/2024\/10\/kopiz5omjdeiwjr7egs3-1536x864.avif 1536w, https:\/\/egerford.hu\/1\/wp-content\/uploads\/2024\/10\/kopiz5omjdeiwjr7egs3-600x338.avif 600w\" sizes=\"(max-width: 1920px) 100vw, 1920px\" \/>\t\t\t\t\t\t\t\t\t\t\t\t\t\t\t<\/div>\n\t\t\t\t<\/div>\n\t\t\t\t<div class=\"elementor-element elementor-element-0bc97b0 elementor-widget elementor-widget-text-editor\" data-id=\"0bc97b0\" data-element_type=\"widget\" data-e-type=\"widget\" data-widget_type=\"text-editor.default\">\n\t\t\t\t<div class=\"elementor-widget-container\">\n\t\t\t\t\t\t\t\t\t<p>A 2024-es Ford Explorer \u00faj szintre emeli a SUV-k vil\u00e1g\u00e1t az elektromos hajt\u00e1sl\u00e1nc\u00e1val. Ez a modell nemcsak modern \u00e9s st\u00edlusos k\u00fcls\u0151vel \u00e9rkezik, hanem a leg\u00fajabb technol\u00f3gi\u00e1kkal is fel van szerelve, amelyek a vezet\u00e9st biztons\u00e1gosabb\u00e1 \u00e9s k\u00e9nyelmesebb\u00e9 teszik.<\/p><p>Az \u00faj elektromos Explorer teljes\u00edtm\u00e9nye kiemelked\u0151, hiszen a Ford c\u00e9lja, hogy a hossz\u00fa t\u00e1v\u00fa vezet\u00e9st \u00e9s a k\u00f6rnyezettudatoss\u00e1got egyar\u00e1nt t\u00e1mogassa. Az akkumul\u00e1torok egy t\u00f6lt\u00e9ssel ak\u00e1r 500 km-es hat\u00f3t\u00e1vols\u00e1got biztos\u00edtanak, \u00edgy a hosszabb utak sem jelentenek probl\u00e9m\u00e1t. A gyors t\u00f6lt\u00e9si funkci\u00f3nak k\u00f6sz\u00f6nhet\u0151en pedig az aut\u00f3 percek alatt \u00fajra k\u00e9szen \u00e1ll a folytat\u00e1sra.<\/p>\t\t\t\t\t\t\t\t<\/div>\n\t\t\t\t<\/div>\n\t\t\t\t<div class=\"elementor-element elementor-element-9447ad4 elementor-widget elementor-widget-qi_addons_for_elementor_image_slider\" data-id=\"9447ad4\" data-element_type=\"widget\" data-e-type=\"widget\" data-widget_type=\"qi_addons_for_elementor_image_slider.default\">\n\t\t\t\t<div class=\"elementor-widget-container\">\n\t\t\t\t\t<div class=\"qodef-shortcode qodef-m qodef-qi-image-slider qodef-qi-fslightbox-popup qodef-popup-gallery qodef-col-num--3 qodef-qi-grid qodef-qi-swiper-container qodef-navigation--inside qodef-pagination--inside qodef-hide-navigation--768 qodef-navigation--hover-move\" data-options=\"{&quot;direction&quot;:&quot;horizontal&quot;,&quot;slidesPerView&quot;:&quot;3&quot;,&quot;spaceBetween&quot;:30,&quot;spaceBetweenTablet&quot;:30,&quot;spaceBetweenMobile&quot;:30,&quot;effect&quot;:&quot;&quot;,&quot;loop&quot;:true,&quot;autoplay&quot;:true,&quot;centeredSlides&quot;:false,&quot;speed&quot;:&quot;&quot;,&quot;speedAnimation&quot;:&quot;&quot;,&quot;outsideNavigation&quot;:&quot;no&quot;,&quot;outsidePagination&quot;:&quot;no&quot;,&quot;unique&quot;:325,&quot;partialValue&quot;:0,&quot;disablePartialValue&quot;:&quot;&quot;,&quot;parallax&quot;:&quot;no&quot;}\">\n\t<div class=\"swiper-wrapper\">\n\t\t<div class=\"qodef-e swiper-slide\">\n\t<div class=\"qodef-e-inner\">\n\t\t<div class=\"qodef-e-inner-holder\">\n\t\t\t\t\t\t\t<a class=\"qodef-popup-item\" itemprop=\"image\" href=\"https:\/\/egerford.hu\/1\/wp-content\/uploads\/2024\/10\/22_FRD_EPR_400079.avif\" data-type=\"image\" data-fslightbox=\"gallery-325\" data-e-disable-page-transition=\u201dtrue\u201d>\n\t\t\t\t\t\t\t<img decoding=\"async\" width=\"900\" height=\"600\" src=\"https:\/\/egerford.hu\/1\/wp-content\/uploads\/2024\/10\/22_FRD_EPR_400079.avif\" class=\"attachment-full size-full\" alt=\"\" srcset=\"https:\/\/egerford.hu\/1\/wp-content\/uploads\/2024\/10\/22_FRD_EPR_400079.avif 900w, https:\/\/egerford.hu\/1\/wp-content\/uploads\/2024\/10\/22_FRD_EPR_400079-300x200.avif 300w, https:\/\/egerford.hu\/1\/wp-content\/uploads\/2024\/10\/22_FRD_EPR_400079-768x512.avif 768w, https:\/\/egerford.hu\/1\/wp-content\/uploads\/2024\/10\/22_FRD_EPR_400079-600x400.avif 600w\" sizes=\"(max-width: 900px) 100vw, 900px\" \/>\t\t\t\t\t\t\t<\/a>\n\t\t\t\t\t<\/div>\n\t<\/div>\n\t<\/div>\n<div class=\"qodef-e swiper-slide\">\n\t<div class=\"qodef-e-inner\">\n\t\t<div class=\"qodef-e-inner-holder\">\n\t\t\t\t\t\t\t<a class=\"qodef-popup-item\" itemprop=\"image\" href=\"https:\/\/egerford.hu\/1\/wp-content\/uploads\/2024\/10\/22_FRD_EPR_54341_STLine.avif\" data-type=\"image\" data-fslightbox=\"gallery-325\" data-e-disable-page-transition=\u201dtrue\u201d>\n\t\t\t\t\t\t\t<img decoding=\"async\" width=\"2160\" height=\"926\" src=\"https:\/\/egerford.hu\/1\/wp-content\/uploads\/2024\/10\/22_FRD_EPR_54341_STLine.avif\" class=\"attachment-full size-full\" alt=\"\" srcset=\"https:\/\/egerford.hu\/1\/wp-content\/uploads\/2024\/10\/22_FRD_EPR_54341_STLine.avif 2160w, https:\/\/egerford.hu\/1\/wp-content\/uploads\/2024\/10\/22_FRD_EPR_54341_STLine-300x129.avif 300w, https:\/\/egerford.hu\/1\/wp-content\/uploads\/2024\/10\/22_FRD_EPR_54341_STLine-1024x439.avif 1024w, https:\/\/egerford.hu\/1\/wp-content\/uploads\/2024\/10\/22_FRD_EPR_54341_STLine-768x329.avif 768w, https:\/\/egerford.hu\/1\/wp-content\/uploads\/2024\/10\/22_FRD_EPR_54341_STLine-1536x658.avif 1536w, https:\/\/egerford.hu\/1\/wp-content\/uploads\/2024\/10\/22_FRD_EPR_54341_STLine-2048x878.avif 2048w, https:\/\/egerford.hu\/1\/wp-content\/uploads\/2024\/10\/22_FRD_EPR_54341_STLine-600x257.avif 600w\" sizes=\"(max-width: 2160px) 100vw, 2160px\" \/>\t\t\t\t\t\t\t<\/a>\n\t\t\t\t\t<\/div>\n\t<\/div>\n\t<\/div>\n<div class=\"qodef-e swiper-slide\">\n\t<div class=\"qodef-e-inner\">\n\t\t<div class=\"qodef-e-inner-holder\">\n\t\t\t\t\t\t\t<a class=\"qodef-popup-item\" itemprop=\"image\" href=\"https:\/\/egerford.hu\/1\/wp-content\/uploads\/2024\/10\/7_Passenger.webp\" data-type=\"image\" data-fslightbox=\"gallery-325\" data-e-disable-page-transition=\u201dtrue\u201d>\n\t\t\t\t\t\t\t<img loading=\"lazy\" decoding=\"async\" width=\"2160\" height=\"927\" src=\"https:\/\/egerford.hu\/1\/wp-content\/uploads\/2024\/10\/7_Passenger.webp\" class=\"attachment-full size-full\" alt=\"\" srcset=\"https:\/\/egerford.hu\/1\/wp-content\/uploads\/2024\/10\/7_Passenger.webp 2160w, https:\/\/egerford.hu\/1\/wp-content\/uploads\/2024\/10\/7_Passenger-300x129.webp 300w, https:\/\/egerford.hu\/1\/wp-content\/uploads\/2024\/10\/7_Passenger-1024x439.webp 1024w, https:\/\/egerford.hu\/1\/wp-content\/uploads\/2024\/10\/7_Passenger-768x330.webp 768w, https:\/\/egerford.hu\/1\/wp-content\/uploads\/2024\/10\/7_Passenger-1536x659.webp 1536w, https:\/\/egerford.hu\/1\/wp-content\/uploads\/2024\/10\/7_Passenger-2048x879.webp 2048w, https:\/\/egerford.hu\/1\/wp-content\/uploads\/2024\/10\/7_Passenger-600x258.webp 600w\" sizes=\"(max-width: 2160px) 100vw, 2160px\" \/>\t\t\t\t\t\t\t<\/a>\n\t\t\t\t\t<\/div>\n\t<\/div>\n\t<\/div>\n<div class=\"qodef-e swiper-slide\">\n\t<div class=\"qodef-e-inner\">\n\t\t<div class=\"qodef-e-inner-holder\">\n\t\t\t\t\t\t\t<a class=\"qodef-popup-item\" itemprop=\"image\" href=\"https:\/\/egerford.hu\/1\/wp-content\/uploads\/2024\/10\/ford-cx740s-eu-3_CX740S_M_L_55516_1x1-1000x1000-1.jpg\" data-type=\"image\" data-fslightbox=\"gallery-325\" data-e-disable-page-transition=\u201dtrue\u201d>\n\t\t\t\t\t\t\t<img loading=\"lazy\" decoding=\"async\" width=\"1000\" height=\"1000\" src=\"https:\/\/egerford.hu\/1\/wp-content\/uploads\/2024\/10\/ford-cx740s-eu-3_CX740S_M_L_55516_1x1-1000x1000-1.jpg\" class=\"attachment-full size-full\" alt=\"\" srcset=\"https:\/\/egerford.hu\/1\/wp-content\/uploads\/2024\/10\/ford-cx740s-eu-3_CX740S_M_L_55516_1x1-1000x1000-1.jpg 1000w, https:\/\/egerford.hu\/1\/wp-content\/uploads\/2024\/10\/ford-cx740s-eu-3_CX740S_M_L_55516_1x1-1000x1000-1-300x300.jpg 300w, https:\/\/egerford.hu\/1\/wp-content\/uploads\/2024\/10\/ford-cx740s-eu-3_CX740S_M_L_55516_1x1-1000x1000-1-150x150.jpg 150w, https:\/\/egerford.hu\/1\/wp-content\/uploads\/2024\/10\/ford-cx740s-eu-3_CX740S_M_L_55516_1x1-1000x1000-1-768x768.jpg 768w, https:\/\/egerford.hu\/1\/wp-content\/uploads\/2024\/10\/ford-cx740s-eu-3_CX740S_M_L_55516_1x1-1000x1000-1-650x650.jpg 650w, https:\/\/egerford.hu\/1\/wp-content\/uploads\/2024\/10\/ford-cx740s-eu-3_CX740S_M_L_55516_1x1-1000x1000-1-600x600.jpg 600w, https:\/\/egerford.hu\/1\/wp-content\/uploads\/2024\/10\/ford-cx740s-eu-3_CX740S_M_L_55516_1x1-1000x1000-1-100x100.jpg 100w\" sizes=\"(max-width: 1000px) 100vw, 1000px\" \/>\t\t\t\t\t\t\t<\/a>\n\t\t\t\t\t<\/div>\n\t<\/div>\n\t<\/div>\n\t<\/div>\n\t\t<div class=\"swiper-button-prev\"><svg class=\"qodef-swiper-arrow-left\" xmlns=\"http:\/\/www.w3.org\/2000\/svg\" x=\"0px\" y=\"0px\" viewBox=\"0 0 34.2 32.3\" xml:space=\"preserve\" style=\"stroke-width: 2;\"><line x1=\"0.5\" y1=\"16\" x2=\"33.5\" y2=\"16\"\/><line x1=\"0.3\" y1=\"16.5\" x2=\"16.2\" y2=\"0.7\"\/><line x1=\"0\" y1=\"15.4\" x2=\"16.2\" y2=\"31.6\"\/><\/svg><\/div>\n\t<div class=\"swiper-button-next\"><svg class=\"qodef-swiper-arrow-right\" xmlns=\"http:\/\/www.w3.org\/2000\/svg\" x=\"0px\" y=\"0px\" viewBox=\"0 0 34.2 32.3\" xml:space=\"preserve\" style=\"stroke-width: 2;\"><line x1=\"0\" y1=\"16\" x2=\"33\" y2=\"16\"\/><line x1=\"17.3\" y1=\"0.7\" x2=\"33.2\" y2=\"16.5\"\/><line x1=\"17.3\" y1=\"31.6\" x2=\"33.5\" y2=\"15.4\"\/><\/svg><\/div>\n\t<div class=\"swiper-pagination\"><\/div>\n<\/div>\n\t\t\t\t<\/div>\n\t\t\t\t<\/div>\n\t\t\t\t\t<\/div>\n\t\t\t\t<\/div>\n\t\t<div class=\"elementor-element elementor-element-2e792ab e-flex e-con-boxed e-con e-parent\" data-id=\"2e792ab\" data-element_type=\"container\" data-e-type=\"container\">\n\t\t\t\t\t<div class=\"e-con-inner\">\n\t\t\t\t<div class=\"elementor-element elementor-element-eb3cdc8 elementor-widget elementor-widget-text-editor\" data-id=\"eb3cdc8\" data-element_type=\"widget\" data-e-type=\"widget\" data-widget_type=\"text-editor.default\">\n\t\t\t\t<div class=\"elementor-widget-container\">\n\t\t\t\t\t\t\t\t\t<p>Bels\u0151 tere eleg\u00e1ns \u00e9s t\u00e1gas, amely lehet\u0151s\u00e9get ad csal\u00e1doknak \u00e9s \u00fczletembereknek is a k\u00e9nyelmes utaz\u00e1sra. A leg\u00fajabb infotainment rendszer biztos\u00edtja a vezet\u0151 \u00e9s az utasok sz\u00f3rakoz\u00e1s\u00e1t, a vezet\u00e9st\u00e1mogat\u00f3 rendszerek pedig garant\u00e1lj\u00e1k a biztons\u00e1gos k\u00f6zleked\u00e9st. Az adapt\u00edv sebess\u00e9gtart\u00f3 automatika, a s\u00e1vk\u00f6vet\u0151 asszisztens, valamint az automata parkol\u00e1s k\u00fcl\u00f6n\u00f6sen vonz\u00f3v\u00e1 teszik a modern vezet\u0151k sz\u00e1m\u00e1ra.<\/p><p>A 2024-es elektromos Ford Explorer nemcsak az innov\u00e1ci\u00f3 \u00e9s a fenntarthat\u00f3s\u00e1g szimb\u00f3luma, hanem egy praktikus v\u00e1laszt\u00e1s azoknak, akik a j\u00f6v\u0151 aut\u00f3z\u00e1s\u00e1t szeretn\u00e9k \u00e9lvezni m\u00e1r ma.<\/p>\t\t\t\t\t\t\t\t<\/div>\n\t\t\t\t<\/div>\n\t\t\t\t<div class=\"elementor-element elementor-element-8955314 elementor-widget elementor-widget-heading\" data-id=\"8955314\" data-element_type=\"widget\" data-e-type=\"widget\" data-widget_type=\"heading.default\">\n\t\t\t\t<div class=\"elementor-widget-container\">\n\t\t\t\t\t<h2 class=\"elementor-heading-title elementor-size-default\">A vil\u00e1grekord<\/h2>\t\t\t\t<\/div>\n\t\t\t\t<\/div>\n\t\t\t\t\t<\/div>\n\t\t\t\t<\/div>\n\t\t<div class=\"elementor-element elementor-element-86b5891 e-flex e-con-boxed e-con e-parent\" data-id=\"86b5891\" data-element_type=\"container\" data-e-type=\"container\">\n\t\t\t\t\t<div class=\"e-con-inner\">\n\t\t\t\t<div class=\"elementor-element elementor-element-8987451 elementor-widget elementor-widget-text-editor\" data-id=\"8987451\" data-element_type=\"widget\" data-e-type=\"widget\" data-widget_type=\"text-editor.default\">\n\t\t\t\t<div class=\"elementor-widget-container\">\n\t\t\t\t\t\t\t\t\t<p>A h\u00edres vil\u00e1gutaz\u00f3, Lexie Alford hivatalos rekordot \u00e1ll\u00edtott fel azzal, hogy els\u0151k\u00e9nt aut\u00f3zta k\u00f6r\u00fcl a F\u00f6ldet egy elektromos aut\u00f3val: az \u00faj, tiszt\u00e1n elektromos hajt\u00e1s\u00fa Ford Explorerrel.\u00a0<\/p><p>Hat kontinensen \u00e1t\u00edvel\u0151, 27 orsz\u00e1got \u00e9rint\u0151 utaz\u00e1sa sor\u00e1n az Explorer t\u00f6bb mint 30.000 kilom\u00e9tert tett meg, m\u00e9ghozz\u00e1 tiszt\u00e1n elektromos hajt\u00e1ssal. Mindek\u00f6zben megk\u00fczd\u00f6tt \u00e1ramsz\u00fcnetekkel Afrik\u00e1ban, a t\u00f6lt\u0151h\u00e1l\u00f3zat hi\u00e1ny\u00e1val a chilei Atacama sivatagban, az \u00fattalan utakkal, a hegyi h\u00e1g\u00f3kkal \u00e9s a kem\u00e9ny fagyokkal, hogy bebizony\u00edtsa, mire k\u00e9pes egy elektromos aut\u00f3<\/p>\t\t\t\t\t\t\t\t<\/div>\n\t\t\t\t<\/div>\n\t\t\t\t<div class=\"elementor-element elementor-element-0e9da03 elementor-widget elementor-widget-video\" data-id=\"0e9da03\" data-element_type=\"widget\" data-e-type=\"widget\" data-settings=\"{&quot;youtube_url&quot;:&quot;https:\\\/\\\/www.youtube.com\\\/watch?v=kl-hWjBdt7s&quot;,&quot;video_type&quot;:&quot;youtube&quot;,&quot;controls&quot;:&quot;yes&quot;}\" data-widget_type=\"video.default\">\n\t\t\t\t<div class=\"elementor-widget-container\">\n\t\t\t\t\t\t\t<div class=\"elementor-wrapper elementor-open-inline\">\n\t\t\t<div class=\"elementor-video\"><\/div>\t\t<\/div>\n\t\t\t\t\t\t<\/div>\n\t\t\t\t<\/div>\n\t\t\t\t\t<\/div>\n\t\t\t\t<\/div>\n\t\t\t\t<\/div>\n\t\t","protected":false},"excerpt":{"rendered":"<p>Csodav\u00e1rom\u00e1nyos \u00faj villanyaut\u00f3nk &#8211; Ford Explorer A 2024-es Ford Explorer \u00faj szintre emeli a SUV-k vil\u00e1g\u00e1t az elektromos hajt\u00e1sl\u00e1nc\u00e1val. Ez a modell nemcsak modern \u00e9s st\u00edlusos k\u00fcls\u0151vel \u00e9rkezik, hanem a leg\u00fajabb technol\u00f3gi\u00e1kkal is fel van szerelve, amelyek a vezet\u00e9st biztons\u00e1gosabb\u00e1 \u00e9s k\u00e9nyelmesebb\u00e9 teszik. Az \u00faj elektromos Explorer teljes\u00edtm\u00e9nye kiemelked\u0151, hiszen a Ford c\u00e9lja, hogy a [&hellip;]<\/p>\n","protected":false},"author":1,"featured_media":0,"parent":0,"menu_order":0,"comment_status":"closed","ping_status":"closed","template":"","meta":{"site-sidebar-layout":"no-sidebar","site-content-layout":"page-builder","ast-site-content-layout":"full-width-container","site-content-style":"default","site-sidebar-style":"default","ast-global-header-display":"","ast-banner-title-visibility":"","ast-main-header-display":"","ast-hfb-above-header-display":"","ast-hfb-below-header-display":"","ast-hfb-mobile-header-display":"","site-post-title":"disabled","ast-breadcrumbs-content":"","ast-featured-img":"disabled","footer-sml-layout":"","theme-transparent-header-meta":"","adv-header-id-meta":"","stick-header-meta":"","header-above-stick-meta":"","header-main-stick-meta":"","header-below-stick-meta":"","astra-migrate-meta-layouts":"set","ast-page-background-enabled":"default","ast-page-background-meta":{"desktop":{"background-color":"","background-image":"","background-repeat":"repeat","background-position":"center center","background-size":"auto","background-attachment":"scroll","background-type":"","background-media":"","overlay-type":"","overlay-color":"","overlay-opacity":"","overlay-gradient":""},"tablet":{"background-color":"","background-image":"","background-repeat":"repeat","background-position":"center center","background-size":"auto","background-attachment":"scroll","background-type":"","background-media":"","overlay-type":"","overlay-color":"","overlay-opacity":"","overlay-gradient":""},"mobile":{"background-color":"","background-image":"","background-repeat":"repeat","background-position":"center center","background-size":"auto","background-attachment":"scroll","background-type":"","background-media":"","overlay-type":"","overlay-color":"","overlay-opacity":"","overlay-gradient":""}},"ast-content-background-meta":{"desktop":{"background-color":"var(--ast-global-color-5)","background-image":"","background-repeat":"repeat","background-position":"center center","background-size":"auto","background-attachment":"scroll","background-type":"","background-media":"","overlay-type":"","overlay-color":"","overlay-opacity":"","overlay-gradient":""},"tablet":{"background-color":"var(--ast-global-color-5)","background-image":"","background-repeat":"repeat","background-position":"center center","background-size":"auto","background-attachment":"scroll","background-type":"","background-media":"","overlay-type":"","overlay-color":"","overlay-opacity":"","overlay-gradient":""},"mobile":{"background-color":"var(--ast-global-color-5)","background-image":"","background-repeat":"repeat","background-position":"center center","background-size":"auto","background-attachment":"scroll","background-type":"","background-media":"","overlay-type":"","overlay-color":"","overlay-opacity":"","overlay-gradient":""}},"footnotes":""},"class_list":["post-5926","page","type-page","status-publish","hentry"],"_links":{"self":[{"href":"https:\/\/egerford.hu\/1\/wp-json\/wp\/v2\/pages\/5926","targetHints":{"allow":["GET"]}}],"collection":[{"href":"https:\/\/egerford.hu\/1\/wp-json\/wp\/v2\/pages"}],"about":[{"href":"https:\/\/egerford.hu\/1\/wp-json\/wp\/v2\/types\/page"}],"author":[{"embeddable":true,"href":"https:\/\/egerford.hu\/1\/wp-json\/wp\/v2\/users\/1"}],"replies":[{"embeddable":true,"href":"https:\/\/egerford.hu\/1\/wp-json\/wp\/v2\/comments?post=5926"}],"version-history":[{"count":20,"href":"https:\/\/egerford.hu\/1\/wp-json\/wp\/v2\/pages\/5926\/revisions"}],"predecessor-version":[{"id":5959,"href":"https:\/\/egerford.hu\/1\/wp-json\/wp\/v2\/pages\/5926\/revisions\/5959"}],"wp:attachment":[{"href":"https:\/\/egerford.hu\/1\/wp-json\/wp\/v2\/media?parent=5926"}],"curies":[{"name":"wp","href":"https:\/\/api.w.org\/{rel}","templated":true}]}}