{"id":5782,"date":"2024-08-05T07:20:29","date_gmt":"2024-08-05T07:20:29","guid":{"rendered":"https:\/\/egerford.hu\/1\/?page_id=5782"},"modified":"2024-08-05T07:22:55","modified_gmt":"2024-08-05T07:22:55","slug":"aszf","status":"publish","type":"page","link":"https:\/\/egerford.hu\/1\/aszf\/","title":{"rendered":"\u00c1SZF"},"content":{"rendered":"\t\t<div data-elementor-type=\"wp-page\" data-elementor-id=\"5782\" class=\"elementor elementor-5782\">\n\t\t\t\t<div class=\"elementor-element elementor-element-6f6f3aa e-flex e-con-boxed e-con e-parent\" data-id=\"6f6f3aa\" data-element_type=\"container\" data-e-type=\"container\">\n\t\t\t\t\t<div class=\"e-con-inner\">\n\t\t\t\t<div class=\"elementor-element elementor-element-5c58977 elementor-widget elementor-widget-heading\" data-id=\"5c58977\" data-element_type=\"widget\" data-e-type=\"widget\" data-widget_type=\"heading.default\">\n\t\t\t\t<div class=\"elementor-widget-container\">\n\t\t\t\t\t<h2 class=\"elementor-heading-title elementor-size-default\">\u00c1SZF<\/h2>\t\t\t\t<\/div>\n\t\t\t\t<\/div>\n\t\t\t\t\t<\/div>\n\t\t\t\t<\/div>\n\t\t<div class=\"elementor-element elementor-element-ad723b0 e-flex e-con-boxed e-con e-parent\" data-id=\"ad723b0\" data-element_type=\"container\" data-e-type=\"container\">\n\t\t\t\t\t<div class=\"e-con-inner\">\n\t\t\t\t<div class=\"elementor-element elementor-element-3d19ba3 elementor-widget elementor-widget-text-editor\" data-id=\"3d19ba3\" data-element_type=\"widget\" data-e-type=\"widget\" data-widget_type=\"text-editor.default\">\n\t\t\t\t<div class=\"elementor-widget-container\">\n\t\t\t\t\t\t\t\t\t<p><strong>\u00c1ltal\u00e1nos felt\u00e9telek<\/strong><\/p><p>A Barta Aut\u00f3-Holding Kft. minden er\u0151fesz\u00edt\u00e9st megtett a jelen webhelyen szerepl\u0151 inform\u00e1ci\u00f3k pontoss\u00e1g\u00e1nak biztos\u00edt\u00e1sa \u00e9rdek\u00e9ben. Mik\u00f6zben minden er\u0151fesz\u00edt\u00e9st megtesz\u00fcnk annak \u00e9rdek\u00e9ben, hogy a term\u00e9kek \u00e9s specifik\u00e1ci\u00f3k naprak\u00e9szek legyenek, a jelen webhely nem tekinthet\u0151 a Ford term\u00e9kek \u00e9s szolg\u00e1ltat\u00e1sok t\u00e9vedhetetlen \u00fatmutat\u00f3j\u00e1nak, \u00e9s nem jelent aj\u00e1nlatot semmilyen konkr\u00e9t j\u00e1rm\u0171 \u00e9rt\u00e9kes\u00edt\u00e9s\u00e9re sem. A disztrib\u00fatorok \u00e9s m\u00e1rkakeresked\u0151k nem \u00fcgyn\u00f6kei a Fordnak, \u00e9s semmilyen felhatalmaz\u00e1ssal nem rendelkeznek ahhoz, hogy a Ford nev\u00e9ben b\u00e1rmely kifejezett vagy v\u00e9lelmezett k\u00f6telezetts\u00e9gv\u00e1llal\u00e1ssal vagy jognyilatkozattal k\u00f6telezetts\u00e9get v\u00e1llaljanak. A jelen webhelyen a sebess\u00e9gre vagy a teljes\u00edtm\u00e9nyre t\u00f6rt\u00e9n\u0151 egyetlen utal\u00e1s sem tekinthet\u0151 a vesz\u00e9lyes m\u00f3don vagy a nemzeti korl\u00e1tokat t\u00fall\u00e9p\u0151 sebess\u00e9ggel t\u00f6rt\u00e9n\u0151 vezet\u00e9sre val\u00f3 b\u00e1tor\u00edt\u00e1snak.<\/p><p>Minden \u00fczemanyag-fogyaszt\u00e1si adat a 93\/116\/EK ir\u00e1nyelvvel \u00f6sszhangban van megadva. Ezek kisz\u00e1m\u00edt\u00e1sa ugyanazon vizsg\u00e1lati ciklus alapj\u00e1n t\u00f6rt\u00e9nt, mint ami a hivatalos k\u00e1ros anyag kibocs\u00e1t\u00e1si besorol\u00e1shoz haszn\u00e1latos. Ezek a kor\u00e1bban haszn\u00e1lt, \u00e1lland\u00f3 sebess\u00e9g\u0171\/v\u00e1rosi adatokkal nem \u00f6sszevethet\u0151k, \u00e9s sokkal jobban jellemzik a t\u00e9nyleges, k\u00f6z\u00fati \u00fczemanyag-fogyaszt\u00e1st. Norm\u00e1l haszn\u00e1lat sor\u00e1n a j\u00e1rm\u0171 t\u00e9nyleges \u00fczemanyag-fogyaszt\u00e1sa a vezet\u00e9si technik\u00e1t\u00f3l, az \u00fat- \u00e9s k\u00f6zleked\u00e9si viszonyokt\u00f3l, a k\u00f6rnyezeti t\u00e9nyez\u0151kt\u0151l \u00e9s a j\u00e1rm\u0171 \u00e1llapot\u00e1t\u00f3l f\u00fcgg\u0151en elt\u00e9rhet a vizsg\u00e1lati elj\u00e1r\u00e1s sor\u00e1n el\u00e9rt eredm\u00e9nyekt\u0151l. Amennyiben k\u00e9ts\u00e9ge t\u00e1mad, k\u00e9rj\u00fck, forduljon m\u00e1rkakeresked\u0151j\u00e9hez.<\/p><p><strong>Szerz\u0151i jogok<\/strong><\/p><p>A webhellyel \u00e9s annak tartalm\u00e1val kapcsolatos minden jog, bele\u00e9rtve a szerz\u0151i jogokat \u00e9s az adatb\u00e1zishoz f\u0171z\u0151d\u0151 jogokat is, a Ford \u00e9s a Barta Aut\u00f3-Holding Kft. tulajdon\u00e1t k\u00e9pezi, vagy a Ford enged\u00e9lyt kapott r\u00e1juk, illetve azokat a Ford az \u00e9rv\u00e9nyes jogszab\u00e1lyok vagy a szerz\u0151i jogok tulajdonosa \u00e1ltal enged\u00e9lyezett m\u00f3don haszn\u00e1lja fel. A Ford \u00e9s a Barta Aut\u00f3-Holding Kft. vagy a szerz\u0151i jogok tulajdonos\u00e1nak el\u0151zetes, \u00edr\u00e1sos enged\u00e9lye n\u00e9lk\u00fcl tilos b\u00e1rmilyen sz\u00f6veg, k\u00e9panyag, \u00e1bra, log\u00f3, gomb, ikon, k\u00e9p, valamint azok r\u00e9szlet\u00e9nek vagy elrendez\u00e9s\u00e9nek, illetve a m\u00f6g\u00f6ttes forr\u00e1sk\u00f3dnak \u00e9s szoftvernek a m\u00e1sol\u00e1sa, sokszoros\u00edt\u00e1sa, \u00fajramegjelentet\u00e9se, let\u00f6lt\u00e9se, elk\u00fcld\u00e9se, sug\u00e1rz\u00e1sa vagy tov\u00e1bb\u00edt\u00e1sa.<\/p><p>Tilos a jelen webhelyen szerepl\u0151 b\u00e1rmely anyag vagy inform\u00e1ci\u00f3 \u00e1tdolgoz\u00e1sa, megv\u00e1ltoztat\u00e1sa vagy l\u00e9trehoz\u00e1sa, illetve ezeknek a szem\u00e9lyes, nem kereskedelmi jelleg\u0171 felhaszn\u00e1l\u00e1st\u00f3l elt\u00e9r\u0151 b\u00e1rmely egy\u00e9b c\u00e9l\u00fa felhaszn\u00e1l\u00e1sa. \u00d6n elfogadja, hogy a jelen webhelyet csak jogszer\u0171 c\u00e9lokra haszn\u00e1lja.<\/p><p>A Barta Aut\u00f3-Holding Kft. fenntartja mag\u00e1nak a jogot arra, hogy a webhelyre bek\u00fcld\u00f6tt b\u00e1rmely anyagot, bele\u00e9rtve a sz\u00f6veget \u00e9s k\u00e9peket, saj\u00e1t c\u00e9ljaira ak\u00e1r a webhelyen, ak\u00e1r b\u00e1rmely m\u00e1s form\u00e1ban, ide\u00e9rtve a rekl\u00e1mc\u00e9lokat is, felhaszn\u00e1lja. A Ford \u00e9s a Barta Aut\u00f3-Holding Kft. fenntartja a jogot arra, hogy figyelemmel k\u00eds\u00e9rje a webhelyre bek\u00fcld\u00f6tt adatokat, valamint arra, hogy b\u00e1rmely bek\u00fcld\u00f6tt adatot \u00e1tszerkesszen vagy visszautas\u00edtson.<\/p><p><strong>Felel\u0151ss\u00e9gkorl\u00e1toz\u00e1s<\/strong><\/p><p>Arra t\u00f6reksz\u00fcnk, hogy biztos\u00edtsuk a webhely\u00fcnk\u00f6n szerepl\u0151 inform\u00e1ci\u00f3k pontoss\u00e1g\u00e1t, hi\u00e1nytalans\u00e1g\u00e1t \u00e9s naprak\u00e9szs\u00e9g\u00e9t. Ugyanakkor, a webhely haszn\u00e1lat\u00e1val \u00d6n elfogadja a felt\u00e9teleket, amelyek azon a napon l\u00e9pnek \u00e9rv\u00e9nybe, amikor \u00d6n els\u0151 \u00edzben haszn\u00e1lja a webhelyet.<\/p><p>Az \u00d6n t\u00f6rv\u00e9ny \u00e1ltal meghat\u00e1rozott jogainak s\u00e9relme n\u00e9lk\u00fcl, a webhelyet \u00e9s minden inform\u00e1ci\u00f3t, sz\u00f6veget, nevet, \u00e1br\u00e1zol\u00e1st, k\u00e9pet, log\u00f3t, linket, ikont \u00e9s minden egy\u00e9b anyagot (korl\u00e1toz\u00e1s n\u00e9lk\u00fcl) \u201cAHOGY VAN\u201d m\u00f3don \u00e9s \u201cHA EL\u00c9RHET\u0150\u201d alapon ny\u00fajtjuk, b\u00e1rmif\u00e9le kifejezett vagy hallgat\u00f3lagos jognyilatkozat, garancia vagy hozz\u00e1j\u00e1rul\u00e1s n\u00e9lk\u00fcl. K\u00fcl\u00f6n\u00f6sk\u00e9ppen nem szavatoljuk \u00e9s nem \u00e1ll\u00edtjuk a jelen webhelyen szerepl\u0151 inform\u00e1ci\u00f3k pontoss\u00e1g\u00e1t vagy hi\u00e1nytalans\u00e1g\u00e1t, \u00e9s nem garant\u00e1ljuk, hogy a webhely haszn\u00e1lata megszak\u00edt\u00e1smentes vagy hibamentes lesz, illetve hogy a webhely \u00e9s annak szerverei sz\u00e1m\u00edt\u00f3g\u00e9pes v\u00edrusokt\u00f3l vagy programhib\u00e1kt\u00f3l mentesek.<\/p><p>A Ford \u00e9s a Barta Aut\u00f3-Holding Kft. semmilyen esetben nem v\u00e1llal felel\u0151ss\u00e9get semmilyen szem\u00e9ly fel\u00e9 semmilyen k\u00e1r\u00e9rt vagy vesztes\u00e9g\u00e9rt, amely a webhely\u00fcnk\u00f6n szerepl\u0151 b\u00e1rmely inform\u00e1ci\u00f3 vagy a webhely\u00fcnk\u00f6n bemutatott term\u00e9kek haszn\u00e1lat\u00e1b\u00f3l eredhet, korl\u00e1toz\u00e1s n\u00e9lk\u00fcl ide\u00e9rtve a k\u00f6zvetett vagy sz\u00e1rmaz\u00e9kos k\u00e1rokat, illetve b\u00e1rmely olyan k\u00e1rt, amely a haszn\u00e1latb\u00f3l vagy a haszn\u00e1lat, adatok vagy nyeres\u00e9g elmarad\u00e1s\u00e1b\u00f3l fakad, legyenek azok a webhely haszn\u00e1lat\u00e1b\u00f3l ered\u0151 vagy azzal kapcsolatban felmer\u00fcl\u0151, szerz\u0151d\u00e9ses cselekm\u00e9ny, hanyags\u00e1g vagy egy\u00e9b jogellenes magatart\u00e1s \u00e1ltal okozottak.<\/p><p>A jelen felt\u00e9telekben szerepl\u0151 b\u00e1rmely egy\u00e9b \u00e9rtelm\u0171 \u00e1ll\u00edt\u00e1s ellen\u00e9re nem v\u00e1llalunk felel\u0151ss\u00e9get a jelen webhely m\u0171k\u00f6d\u0151k\u00e9pess\u00e9g\u00e9vel vagy el\u00e9rhet\u0151s\u00e9g\u00e9vel kapcsolatos ig\u00e9nyek\u00e9rt.<\/p><p><strong>M\u00e1rkav\u00e9djegyek<\/strong><\/p><p>A Ford azonos\u00edt\u00e1s\u00e1ra szolg\u00e1l\u00f3 minden n\u00e9v, k\u00e9p \u00e9s log\u00f3 a Ford saj\u00e1t v\u00e9djegye. A harmadik felek jelen webhelyen el\u0151fordul\u00f3 b\u00e1rmely m\u00e1rka-, term\u00e9k-, szolg\u00e1ltat\u00e1si vagy v\u00e1llalati nevei az adott tulajdonosok m\u00e1rkav\u00e9djegyei, szolg\u00e1ltat\u00e1si v\u00e9djegyei vagy m\u00e1rkanevei. A Ford a tulajdonosaikon k\u00edv\u00fcl semmilyen m\u00e1s szem\u00e9lynek nem ad enged\u00e9lyt ezek haszn\u00e1lat\u00e1ra. B\u00e1rmely ilyen haszn\u00e1lat a tulajdonosok jogainak megs\u00e9rt\u00e9s\u00e9t jelentheti.<\/p><p><strong>K\u00fcls\u0151 linkek<\/strong><\/p><p>A Ford \u00e9s a Barta Aut\u00f3-Holding Kft. nem k\u00e9pvisel, szavatol, j\u00e1rul hozz\u00e1 vagy felel\u0151s b\u00e1rmely k\u00fcls\u0151 webhely\u00e9rt, amelyhez ez a webhely kapcsol\u00f3dik vagy amely ehhez a webhelyhez kapcsol\u00f3dik. B\u00e1rmely k\u00fcls\u0151 webhely, amelyet \u00d6n a jelen webhelyen tal\u00e1lhat\u00f3 linkre kattintva megl\u00e1togat, a Ford ellen\u0151rz\u00e9s\u00e9n k\u00edv\u00fcl esik, ez\u00e9rt annak megl\u00e1togat\u00e1sa teljes m\u00e9rt\u00e9kben az \u00d6n saj\u00e1t felel\u0151ss\u00e9g\u00e9re t\u00f6rt\u00e9nik.<\/p><p><strong>Szoftverekkel kapcsolatos felel\u0151ss\u00e9gkorl\u00e1toz\u00e1s<\/strong><\/p><p>A jelen webhelyr\u0151l let\u00f6lthet\u0151 szoftvereket a gy\u00e1rt\u00e1s minden f\u00e1zis\u00e1ban gondosan ellen\u0151rizt\u00fck \u00e9s megvizsg\u00e1ltuk, azonban \u2013 mint minden \u00faj szoftver eset\u00e9ben \u2013 ennek ellen\u00e9re azt javasoljuk, hogy azok futtat\u00e1sa el\u0151tt v\u00e9gezzen v\u00edrusellen\u0151rz\u00e9st. Szint\u00e9n javasoljuk, hogy a szoftverek haszn\u00e1lata el\u0151tt k\u00e9sz\u00edtsen aktu\u00e1lis biztons\u00e1gi ment\u00e9st a merevlemez\u00e9r\u0151l. A Ford \u00e9s a Barta Aut\u00f3-Holding Kft. nem v\u00e1llal semmilyen felel\u0151ss\u00e9get az \u00d6n adataiban vagy sz\u00e1m\u00edt\u00f3g\u00e9pes rendszer\u00e9ben a szoftverek haszn\u00e1lata k\u00f6zben esetlegesen felmer\u00fcl\u0151 semmilyen megszak\u00edt\u00e1s\u00e9rt, k\u00e1r\u00e9rt \u00e9s\/vagy adatveszt\u00e9s\u00e9rt. Miel\u0151tt egy h\u00e1l\u00f3zathoz csatlakoztatott sz\u00e1m\u00edt\u00f3g\u00e9pre b\u00e1rmilyen szoftvert telep\u00edtene, forduljon a h\u00e1l\u00f3zat rendszergazd\u00e1j\u00e1hoz.<\/p><p><strong>Jogszolg\u00e1ltat\u00e1s<\/strong><\/p><p>A jelen felt\u00e9teleket Magyarorsz\u00e1g jogszab\u00e1lyai szab\u00e1lyozz\u00e1k \u00e9s azok alapj\u00e1n \u00e9rtelmezend\u0151k. A felmer\u00fcl\u0151 vit\u00e1s \u00fcgyek kiz\u00e1r\u00f3lag Magyarorsz\u00e1g b\u00edr\u00f3s\u00e1gainak illet\u00e9kess\u00e9ge al\u00e1 tartoznak.<\/p><p>A Ford \u00e9s a Barta Aut\u00f3-Holding Kft. fenntartja a jogot arra, hogy a v\u00e1ltoz\u00e1sok online kihirdet\u00e9s\u00e9vel a felt\u00e9telek b\u00e1rmelyik\u00e9t b\u00e1rmikor megv\u00e1ltoztassa.<\/p><p>Amennyiben \u00d6n nem fogadja el marad\u00e9ktalanul ezeket a felt\u00e9teleket, a webhely haszn\u00e1lat\u00e1t azonnal be kell sz\u00fcntetnie.<\/p><p>A Ford Weboldallal (<a href=\"http:\/\/www.ford.hu\" target=\"_new\" rel=\"noreferrer noopener\">www.ford.hu<\/a>) kapcsolatos Adatt\u00e1j\u00e9koztat\u00f3j\u00e1t <a href=\"https:\/\/www.ford.hu\/hasznos-informaciok\/adatvedelem\" target=\"_new\" rel=\"noreferrer noopener\">itt tal\u00e1lja<\/a>.<\/p>\t\t\t\t\t\t\t\t<\/div>\n\t\t\t\t<\/div>\n\t\t\t\t\t<\/div>\n\t\t\t\t<\/div>\n\t\t\t\t<\/div>\n\t\t","protected":false},"excerpt":{"rendered":"<p>\u00c1SZF \u00c1ltal\u00e1nos felt\u00e9telek A Barta Aut\u00f3-Holding Kft. minden er\u0151fesz\u00edt\u00e9st megtett a jelen webhelyen szerepl\u0151 inform\u00e1ci\u00f3k pontoss\u00e1g\u00e1nak biztos\u00edt\u00e1sa \u00e9rdek\u00e9ben. Mik\u00f6zben minden er\u0151fesz\u00edt\u00e9st megtesz\u00fcnk annak \u00e9rdek\u00e9ben, hogy a term\u00e9kek \u00e9s specifik\u00e1ci\u00f3k naprak\u00e9szek legyenek, a jelen webhely nem tekinthet\u0151 a Ford term\u00e9kek \u00e9s szolg\u00e1ltat\u00e1sok t\u00e9vedhetetlen \u00fatmutat\u00f3j\u00e1nak, \u00e9s nem jelent aj\u00e1nlatot semmilyen konkr\u00e9t j\u00e1rm\u0171 \u00e9rt\u00e9kes\u00edt\u00e9s\u00e9re sem. A disztrib\u00fatorok \u00e9s [&hellip;]<\/p>\n","protected":false},"author":1,"featured_media":0,"parent":0,"menu_order":0,"comment_status":"closed","ping_status":"closed","template":"","meta":{"site-sidebar-layout":"no-sidebar","site-content-layout":"page-builder","ast-site-content-layout":"full-width-container","site-content-style":"default","site-sidebar-style":"default","ast-global-header-display":"","ast-banner-title-visibility":"","ast-main-header-display":"","ast-hfb-above-header-display":"","ast-hfb-below-header-display":"","ast-hfb-mobile-header-display":"","site-post-title":"disabled","ast-breadcrumbs-content":"","ast-featured-img":"disabled","footer-sml-layout":"","theme-transparent-header-meta":"","adv-header-id-meta":"","stick-header-meta":"","header-above-stick-meta":"","header-main-stick-meta":"","header-below-stick-meta":"","astra-migrate-meta-layouts":"set","ast-page-background-enabled":"default","ast-page-background-meta":{"desktop":{"background-color":"","background-image":"","background-repeat":"repeat","background-position":"center center","background-size":"auto","background-attachment":"scroll","background-type":"","background-media":"","overlay-type":"","overlay-color":"","overlay-opacity":"","overlay-gradient":""},"tablet":{"background-color":"","background-image":"","background-repeat":"repeat","background-position":"center center","background-size":"auto","background-attachment":"scroll","background-type":"","background-media":"","overlay-type":"","overlay-color":"","overlay-opacity":"","overlay-gradient":""},"mobile":{"background-color":"","background-image":"","background-repeat":"repeat","background-position":"center center","background-size":"auto","background-attachment":"scroll","background-type":"","background-media":"","overlay-type":"","overlay-color":"","overlay-opacity":"","overlay-gradient":""}},"ast-content-background-meta":{"desktop":{"background-color":"var(--ast-global-color-5)","background-image":"","background-repeat":"repeat","background-position":"center center","background-size":"auto","background-attachment":"scroll","background-type":"","background-media":"","overlay-type":"","overlay-color":"","overlay-opacity":"","overlay-gradient":""},"tablet":{"background-color":"var(--ast-global-color-5)","background-image":"","background-repeat":"repeat","background-position":"center center","background-size":"auto","background-attachment":"scroll","background-type":"","background-media":"","overlay-type":"","overlay-color":"","overlay-opacity":"","overlay-gradient":""},"mobile":{"background-color":"var(--ast-global-color-5)","background-image":"","background-repeat":"repeat","background-position":"center center","background-size":"auto","background-attachment":"scroll","background-type":"","background-media":"","overlay-type":"","overlay-color":"","overlay-opacity":"","overlay-gradient":""}},"footnotes":""},"class_list":["post-5782","page","type-page","status-publish","hentry"],"_links":{"self":[{"href":"https:\/\/egerford.hu\/1\/wp-json\/wp\/v2\/pages\/5782","targetHints":{"allow":["GET"]}}],"collection":[{"href":"https:\/\/egerford.hu\/1\/wp-json\/wp\/v2\/pages"}],"about":[{"href":"https:\/\/egerford.hu\/1\/wp-json\/wp\/v2\/types\/page"}],"author":[{"embeddable":true,"href":"https:\/\/egerford.hu\/1\/wp-json\/wp\/v2\/users\/1"}],"replies":[{"embeddable":true,"href":"https:\/\/egerford.hu\/1\/wp-json\/wp\/v2\/comments?post=5782"}],"version-history":[{"count":5,"href":"https:\/\/egerford.hu\/1\/wp-json\/wp\/v2\/pages\/5782\/revisions"}],"predecessor-version":[{"id":5787,"href":"https:\/\/egerford.hu\/1\/wp-json\/wp\/v2\/pages\/5782\/revisions\/5787"}],"wp:attachment":[{"href":"https:\/\/egerford.hu\/1\/wp-json\/wp\/v2\/media?parent=5782"}],"curies":[{"name":"wp","href":"https:\/\/api.w.org\/{rel}","templated":true}]}}