{"id":5636,"date":"2024-07-10T08:18:26","date_gmt":"2024-07-10T08:18:26","guid":{"rendered":"https:\/\/egerford.hu\/1\/?page_id=5636"},"modified":"2024-11-07T11:31:50","modified_gmt":"2024-11-07T11:31:50","slug":"hirek","status":"publish","type":"page","link":"https:\/\/egerford.hu\/1\/hirek\/","title":{"rendered":"H\u00edrek"},"content":{"rendered":"\t\t<div data-elementor-type=\"wp-page\" data-elementor-id=\"5636\" class=\"elementor elementor-5636\">\n\t\t\t\t<div class=\"elementor-element elementor-element-19c96ca e-grid e-con-boxed e-con e-parent\" data-id=\"19c96ca\" data-element_type=\"container\" data-e-type=\"container\">\n\t\t\t\t\t<div class=\"e-con-inner\">\n\t\t\t\t<div class=\"elementor-element elementor-element-9c1b90f elementor-position-top elementor-widget elementor-widget-image-box\" data-id=\"9c1b90f\" data-element_type=\"widget\" data-e-type=\"widget\" data-widget_type=\"image-box.default\">\n\t\t\t\t<div class=\"elementor-widget-container\">\n\t\t\t\t\t<div class=\"elementor-image-box-wrapper\"><figure class=\"elementor-image-box-img\"><a href=\"https:\/\/egerford.hu\/1\/fordkugahibrid\/\" tabindex=\"-1\"><img fetchpriority=\"high\" decoding=\"async\" width=\"1280\" height=\"720\" src=\"https:\/\/egerford.hu\/1\/wp-content\/uploads\/2024\/11\/ford-kuga-facelift-2024.jpg\" class=\"attachment-full size-full wp-image-6049\" alt=\"\" srcset=\"https:\/\/egerford.hu\/1\/wp-content\/uploads\/2024\/11\/ford-kuga-facelift-2024.jpg 1280w, https:\/\/egerford.hu\/1\/wp-content\/uploads\/2024\/11\/ford-kuga-facelift-2024-300x169.jpg 300w, https:\/\/egerford.hu\/1\/wp-content\/uploads\/2024\/11\/ford-kuga-facelift-2024-1024x576.jpg 1024w, https:\/\/egerford.hu\/1\/wp-content\/uploads\/2024\/11\/ford-kuga-facelift-2024-768x432.jpg 768w, https:\/\/egerford.hu\/1\/wp-content\/uploads\/2024\/11\/ford-kuga-facelift-2024-200x113.jpg 200w, https:\/\/egerford.hu\/1\/wp-content\/uploads\/2024\/11\/ford-kuga-facelift-2024-600x338.jpg 600w\" sizes=\"(max-width: 1280px) 100vw, 1280px\" \/><\/a><\/figure><div class=\"elementor-image-box-content\"><h3 class=\"elementor-image-box-title\"><a href=\"https:\/\/egerford.hu\/1\/fordkugahibrid\/\">A fels\u0151 kateg\u00f3ri\u00e1s k\u00e9nyelem hibrid Eur\u00f3pa bajnoka<\/a><\/h3><\/div><\/div>\t\t\t\t<\/div>\n\t\t\t\t<\/div>\n\t\t\t\t<div class=\"elementor-element elementor-element-fbb89dd elementor-position-top elementor-widget elementor-widget-image-box\" data-id=\"fbb89dd\" data-element_type=\"widget\" data-e-type=\"widget\" data-widget_type=\"image-box.default\">\n\t\t\t\t<div class=\"elementor-widget-container\">\n\t\t\t\t\t<div class=\"elementor-image-box-wrapper\"><figure class=\"elementor-image-box-img\"><a href=\"https:\/\/egerford.hu\/1\/fordexplorer-2024\/\" tabindex=\"-1\"><img decoding=\"async\" width=\"1920\" height=\"1080\" src=\"https:\/\/egerford.hu\/1\/wp-content\/uploads\/2024\/10\/b8a90cb5-b5fe-4aad-b11c-c425edbd7d41_ford-explorer-2023-lhd-front34moving.jpg\" class=\"attachment-full size-full wp-image-5921\" alt=\"\" srcset=\"https:\/\/egerford.hu\/1\/wp-content\/uploads\/2024\/10\/b8a90cb5-b5fe-4aad-b11c-c425edbd7d41_ford-explorer-2023-lhd-front34moving.jpg 1920w, https:\/\/egerford.hu\/1\/wp-content\/uploads\/2024\/10\/b8a90cb5-b5fe-4aad-b11c-c425edbd7d41_ford-explorer-2023-lhd-front34moving-300x169.jpg 300w, https:\/\/egerford.hu\/1\/wp-content\/uploads\/2024\/10\/b8a90cb5-b5fe-4aad-b11c-c425edbd7d41_ford-explorer-2023-lhd-front34moving-1024x576.jpg 1024w, https:\/\/egerford.hu\/1\/wp-content\/uploads\/2024\/10\/b8a90cb5-b5fe-4aad-b11c-c425edbd7d41_ford-explorer-2023-lhd-front34moving-768x432.jpg 768w, https:\/\/egerford.hu\/1\/wp-content\/uploads\/2024\/10\/b8a90cb5-b5fe-4aad-b11c-c425edbd7d41_ford-explorer-2023-lhd-front34moving-1536x864.jpg 1536w, https:\/\/egerford.hu\/1\/wp-content\/uploads\/2024\/10\/b8a90cb5-b5fe-4aad-b11c-c425edbd7d41_ford-explorer-2023-lhd-front34moving-600x338.jpg 600w\" sizes=\"(max-width: 1920px) 100vw, 1920px\" \/><\/a><\/figure><div class=\"elementor-image-box-content\"><h3 class=\"elementor-image-box-title\"><a href=\"https:\/\/egerford.hu\/1\/fordexplorer-2024\/\">A vil\u00e1grekorder \u00faj villanyaut\u00f3nk amely megker\u00fclte a F\u00f6ldet<\/a><\/h3><\/div><\/div>\t\t\t\t<\/div>\n\t\t\t\t<\/div>\n\t\t\t\t<div class=\"elementor-element elementor-element-fa18d5b elementor-position-top elementor-widget elementor-widget-image-box\" data-id=\"fa18d5b\" data-element_type=\"widget\" data-e-type=\"widget\" data-widget_type=\"image-box.default\">\n\t\t\t\t<div class=\"elementor-widget-container\">\n\t\t\t\t\t<div class=\"elementor-image-box-wrapper\"><figure class=\"elementor-image-box-img\"><a href=\"https:\/\/egerford.hu\/1\/dhl-e-transit\/\" tabindex=\"-1\"><img decoding=\"async\" width=\"597\" height=\"334\" src=\"https:\/\/egerford.hu\/1\/wp-content\/uploads\/2024\/10\/us-core-pr-12062022-1.web_.597.336.jpg\" class=\"attachment-full size-full wp-image-5901\" alt=\"\" srcset=\"https:\/\/egerford.hu\/1\/wp-content\/uploads\/2024\/10\/us-core-pr-12062022-1.web_.597.336.jpg 597w, https:\/\/egerford.hu\/1\/wp-content\/uploads\/2024\/10\/us-core-pr-12062022-1.web_.597.336-300x168.jpg 300w\" sizes=\"(max-width: 597px) 100vw, 597px\" \/><\/a><\/figure><div class=\"elementor-image-box-content\"><h3 class=\"elementor-image-box-title\"><a href=\"https:\/\/egerford.hu\/1\/dhl-e-transit\/\">Ford E-Transitokkal b\u0151v\u00fcl a DHL Express Magyarorsz\u00e1g Kft. z\u00f6ld flott\u00e1ja<\/a><\/h3><\/div><\/div>\t\t\t\t<\/div>\n\t\t\t\t<\/div>\n\t\t\t\t\t<\/div>\n\t\t\t\t<\/div>\n\t\t\t\t<\/div>\n\t\t","protected":false},"excerpt":{"rendered":"<p>A fels\u0151 kateg\u00f3ri\u00e1s k\u00e9nyelem hibrid Eur\u00f3pa bajnoka A vil\u00e1grekorder \u00faj villanyaut\u00f3nk amely megker\u00fclte a F\u00f6ldet Ford E-Transitokkal b\u0151v\u00fcl a DHL Express Magyarorsz\u00e1g Kft. z\u00f6ld flott\u00e1ja<\/p>\n","protected":false},"author":1,"featured_media":0,"parent":0,"menu_order":0,"comment_status":"closed","ping_status":"closed","template":"","meta":{"site-sidebar-layout":"no-sidebar","site-content-layout":"page-builder","ast-site-content-layout":"full-width-container","site-content-style":"default","site-sidebar-style":"default","ast-global-header-display":"","ast-banner-title-visibility":"","ast-main-header-display":"","ast-hfb-above-header-display":"","ast-hfb-below-header-display":"","ast-hfb-mobile-header-display":"","site-post-title":"disabled","ast-breadcrumbs-content":"","ast-featured-img":"disabled","footer-sml-layout":"","theme-transparent-header-meta":"","adv-header-id-meta":"","stick-header-meta":"","header-above-stick-meta":"","header-main-stick-meta":"","header-below-stick-meta":"","astra-migrate-meta-layouts":"default","ast-page-background-enabled":"default","ast-page-background-meta":{"desktop":{"background-color":"","background-image":"","background-repeat":"repeat","background-position":"center center","background-size":"auto","background-attachment":"scroll","background-type":"","background-media":"","overlay-type":"","overlay-color":"","overlay-opacity":"","overlay-gradient":""},"tablet":{"background-color":"","background-image":"","background-repeat":"repeat","background-position":"center center","background-size":"auto","background-attachment":"scroll","background-type":"","background-media":"","overlay-type":"","overlay-color":"","overlay-opacity":"","overlay-gradient":""},"mobile":{"background-color":"","background-image":"","background-repeat":"repeat","background-position":"center center","background-size":"auto","background-attachment":"scroll","background-type":"","background-media":"","overlay-type":"","overlay-color":"","overlay-opacity":"","overlay-gradient":""}},"ast-content-background-meta":{"desktop":{"background-color":"var(--ast-global-color-5)","background-image":"","background-repeat":"repeat","background-position":"center center","background-size":"auto","background-attachment":"scroll","background-type":"","background-media":"","overlay-type":"","overlay-color":"","overlay-opacity":"","overlay-gradient":""},"tablet":{"background-color":"var(--ast-global-color-5)","background-image":"","background-repeat":"repeat","background-position":"center center","background-size":"auto","background-attachment":"scroll","background-type":"","background-media":"","overlay-type":"","overlay-color":"","overlay-opacity":"","overlay-gradient":""},"mobile":{"background-color":"var(--ast-global-color-5)","background-image":"","background-repeat":"repeat","background-position":"center center","background-size":"auto","background-attachment":"scroll","background-type":"","background-media":"","overlay-type":"","overlay-color":"","overlay-opacity":"","overlay-gradient":""}},"footnotes":""},"class_list":["post-5636","page","type-page","status-publish","hentry"],"_links":{"self":[{"href":"https:\/\/egerford.hu\/1\/wp-json\/wp\/v2\/pages\/5636","targetHints":{"allow":["GET"]}}],"collection":[{"href":"https:\/\/egerford.hu\/1\/wp-json\/wp\/v2\/pages"}],"about":[{"href":"https:\/\/egerford.hu\/1\/wp-json\/wp\/v2\/types\/page"}],"author":[{"embeddable":true,"href":"https:\/\/egerford.hu\/1\/wp-json\/wp\/v2\/users\/1"}],"replies":[{"embeddable":true,"href":"https:\/\/egerford.hu\/1\/wp-json\/wp\/v2\/comments?post=5636"}],"version-history":[{"count":19,"href":"https:\/\/egerford.hu\/1\/wp-json\/wp\/v2\/pages\/5636\/revisions"}],"predecessor-version":[{"id":6053,"href":"https:\/\/egerford.hu\/1\/wp-json\/wp\/v2\/pages\/5636\/revisions\/6053"}],"wp:attachment":[{"href":"https:\/\/egerford.hu\/1\/wp-json\/wp\/v2\/media?parent=5636"}],"curies":[{"name":"wp","href":"https:\/\/api.w.org\/{rel}","templated":true}]}}